{"id":5290,"date":"2020-01-28T19:51:11","date_gmt":"2020-01-28T14:51:11","guid":{"rendered":"http:\/\/lrbgchemicals.com\/contact-us\/"},"modified":"2024-06-27T10:27:05","modified_gmt":"2024-06-27T15:27:05","slug":"contactenos","status":"publish","type":"page","link":"https:\/\/lrbgchemicals.thedev.ca\/es\/contactenos\/","title":{"rendered":"Cont\u00e1ctenos"},"content":{"rendered":"<div class=\"wpb-content-wrapper\">[mk_page_section bg_image=\u00bbhttp:\/\/lrbgchemicals.thedev.ca\/wp-content\/uploads\/molecules-opt.jpg\u00bb bg_color=\u00bb#000000&#8243; bg_position=\u00bbcenter center\u00bb bg_repeat=\u00bbno-repeat\u00bb bg_stretch=\u00bbtrue\u00bb video_color_mask=\u00bb#073170&#8243; video_opacity=\u00bb0.5&#8243; js_vertical_centered=\u00bbtrue\u00bb padding_top=\u00bb0&#8243; padding_bottom=\u00bb140&#8243; sidebar=\u00bbsidebar-1&#8243;][vc_column width=\u00bb5\/6&#8243;][mk_padding_divider size=\u00bb130&#8243; visibility=\u00bbhidden-sm\u00bb][mk_fancy_title tag_name=\u00bbh1&#8243; color=\u00bb#ffffff\u00bb size=\u00bb24&#8243; line_height=\u00bb99&#8243; font_weight=\u00bb400&#8243; txt_transform=\u00bbuppercase\u00bb margin_bottom=\u00bb0&#8243; font_family=\u00bbMontserrat\u00bb font_type=\u00bbgoogle\u00bb]Gracias por visitar la p\u00e1gina de Internet de LRBG Chemicals.[\/mk_fancy_title][mk_fancy_title color=\u00bb#ffffff\u00bb size=\u00bb56&#8243; force_font_size=\u00bbtrue\u00bb size_tablet=\u00bb45&#8243; size_phone=\u00bb32&#8243; line_height=\u00bb99&#8243; font_weight=\u00bbbold\u00bb txt_transform=\u00bbuppercase\u00bb margin_bottom=\u00bb0&#8243; font_family=\u00bbMontserrat\u00bb font_type=\u00bbgoogle\u00bb drop_shadow=\u00bbtrue\u00bb shadow_angle=\u00bb0&#8243; shadow_distance=\u00bb0&#8243; shadow_color=\u00bb#00245e\u00bb]<span style=\"color: #00984d; display: inline-block;\">\u00bfC\u00f3mo podemos ayudarle?<\/span>[\/mk_fancy_title][mk_fancy_title tag_name=\u00bbspan\u00bb color=\u00bb#ffffff\u00bb size=\u00bb20&#8243; font_weight=\u00bb400&#8243; txt_transform=\u00bbnone\u00bb margin_bottom=\u00bb0&#8243; font_family=\u00bbMontserrat\u00bb font_type=\u00bbgoogle\u00bb]Si podemos ayudarle m\u00e1s en un futuro, o si usted \u00fanicamente desea conocer m\u00e1s acerca de nuestra compa\u00f1\u00eda o nuestros productos, llene por favor el formulario corto que se presenta abajo. Ser\u00e1 un placer comunicarnos con usted lo antes posible.[\/mk_fancy_title][mk_padding_divider size=\u00bb70&#8243;][\/vc_column][vc_column width=\u00bb1\/6&#8243;][\/vc_column][\/mk_page_section][mk_page_section bg_image=\u00bbhttp:\/\/lrbgchemicals.thedev.ca\/wp-content\/uploads\/bg-blue-formaldehyde-opt-resized2.jpg\u00bb bg_repeat=\u00bbno-repeat\u00bb bg_stretch=\u00bbtrue\u00bb enable_3d=\u00bbtrue\u00bb bg_gradient=\u00bbvertical\u00bb video_color_mask=\u00bbrgba(255,255,255,0)\u00bb gr_end=\u00bb#ffffff\u00bb video_opacity=\u00bb1&#8243; sidebar=\u00bbsidebar-1&#8243;][vc_column css=\u00bb.vc_custom_1576010790434{background-position: center !important;background-repeat: no-repeat !important;background-size: contain !important;}\u00bb][vc_row_inner][vc_column_inner width=\u00bb1\/3&#8243;][\/vc_column_inner][vc_column_inner width=\u00bb2\/3&#8243;][mk_padding_divider size=\u00bb120&#8243;][vc_column_text disable_pattern=\u00bbfalse\u00bb css=\u00bb.vc_custom_1584542821929{margin-bottom: 0px !important;}\u00bb]Si tiene alguna pregunta o comentario, o desea informaci\u00f3n sobre un determinado el producto de LRBG Chemicals, por favor h\u00e1ganos saber en el cuadro de abajo.<\/p>\n<p>Aceptamos todas las principales tarjetas de cr\u00e9dito.[\/vc_column_text][\/vc_column_inner][\/vc_row_inner][mk_padding_divider size=\u00bb60&#8243;][\/vc_column][\/mk_page_section][mk_page_section bg_image=\u00bbhttp:\/\/lrbgchemicals.thedev.ca\/wp-content\/uploads\/molecules-opt.jpg\u00bb bg_position=\u00bbcenter center\u00bb bg_repeat=\u00bbno-repeat\u00bb bg_stretch=\u00bbtrue\u00bb video_color_mask=\u00bb#0c4b90&#8243; video_opacity=\u00bb0.42&#8243; sidebar=\u00bbsidebar-1&#8243;][vc_column][mk_padding_divider size=\u00bb120&#8243;][vc_row_inner][vc_column_inner width=\u00bb1\/2&#8243;][mk_padding_divider size=\u00bb20&#8243;][mk_fancy_title color=\u00bb#ffffff\u00bb size=\u00bb24&#8243; line_height=\u00bb90&#8243; font_weight=\u00bb400&#8243; txt_transform=\u00bbuppercase\u00bb margin_bottom=\u00bb0&#8243; font_family=\u00bbMontserrat\u00bb font_type=\u00bbgoogle\u00bb]NEED FURTHER INFORMATION?[\/mk_fancy_title][mk_fancy_title color=\u00bb#ffffff\u00bb size=\u00bb42&#8243; force_font_size=\u00bbtrue\u00bb size_tablet=\u00bb36&#8243; size_phone=\u00bb28&#8243; line_height=\u00bb95&#8243; font_weight=\u00bbbold\u00bb txt_transform=\u00bbnone\u00bb margin_bottom=\u00bb0&#8243; font_family=\u00bbMontserrat\u00bb font_type=\u00bbgoogle\u00bb]Write us[\/mk_fancy_title][\/vc_column_inner][vc_column_inner width=\u00bb1\/2&#8243;]\n<div class=\"wpcf7 no-js\" id=\"wpcf7-f5275-o1\" lang=\"en-US\" dir=\"ltr\">\n<div class=\"screen-reader-response\"><p role=\"status\" aria-live=\"polite\" aria-atomic=\"true\"><\/p> <ul><\/ul><\/div>\n<form action=\"\/es\/wp-json\/wp\/v2\/pages\/5290#wpcf7-f5275-o1\" method=\"post\" class=\"wpcf7-form init\" aria-label=\"Contact form\" novalidate=\"novalidate\" data-status=\"init\">\n<div style=\"display: none;\">\n<input type=\"hidden\" name=\"_wpcf7\" value=\"5275\" \/>\n<input type=\"hidden\" name=\"_wpcf7_version\" value=\"5.9.6\" \/>\n<input type=\"hidden\" name=\"_wpcf7_locale\" value=\"en_US\" \/>\n<input type=\"hidden\" name=\"_wpcf7_unit_tag\" value=\"wpcf7-f5275-o1\" \/>\n<input type=\"hidden\" name=\"_wpcf7_container_post\" value=\"0\" \/>\n<input type=\"hidden\" name=\"_wpcf7_posted_data_hash\" value=\"\" \/>\n<input type=\"hidden\" name=\"_wpcf7_recaptcha_response\" value=\"\" \/>\n<\/div>\n<div class=\"bjm-contact-long\">\n\t<p><span class=\"wpcf7-form-control-wrap\" data-name=\"your-name\"><input size=\"40\" maxlength=\"80\" class=\"wpcf7-form-control wpcf7-text wpcf7-validates-as-required\" aria-required=\"true\" aria-invalid=\"false\" placeholder=\"Nombre*\" value=\"\" type=\"text\" name=\"your-name\" \/><\/span><br \/>\n<span class=\"wpcf7-form-control-wrap\" data-name=\"your-company\"><input size=\"40\" maxlength=\"80\" class=\"wpcf7-form-control wpcf7-text\" aria-invalid=\"false\" placeholder=\"Empresa\" value=\"\" type=\"text\" name=\"your-company\" \/><\/span><br \/>\n<span class=\"wpcf7-form-control-wrap\" data-name=\"your-address\"><input size=\"40\" maxlength=\"80\" class=\"wpcf7-form-control wpcf7-text wpcf7-validates-as-required\" aria-required=\"true\" aria-invalid=\"false\" value=\"Direcci\u00f3n*\" type=\"text\" name=\"your-address\" \/><\/span><br \/>\n<span class=\"wpcf7-form-control-wrap\" data-name=\"your-city\"><input size=\"40\" maxlength=\"80\" class=\"wpcf7-form-control wpcf7-text wpcf7-validates-as-required\" aria-required=\"true\" aria-invalid=\"false\" placeholder=\"Ciudad*\" value=\"\" type=\"text\" name=\"your-city\" \/><\/span><br \/>\n<span class=\"wpcf7-form-control-wrap\" data-name=\"your-state\"><input size=\"40\" maxlength=\"80\" class=\"wpcf7-form-control wpcf7-text\" aria-invalid=\"false\" placeholder=\"Estado\" value=\"\" type=\"text\" name=\"your-state\" \/><\/span><br \/>\n<span class=\"wpcf7-form-control-wrap\" data-name=\"your-zip\"><input size=\"40\" maxlength=\"80\" class=\"wpcf7-form-control wpcf7-text\" aria-invalid=\"false\" placeholder=\"C\u00f3digo postal\" value=\"\" type=\"text\" name=\"your-zip\" \/><\/span><br \/>\n<span class=\"wpcf7-form-control-wrap\" data-name=\"your-country\"><input size=\"40\" maxlength=\"80\" class=\"wpcf7-form-control wpcf7-text wpcf7-validates-as-required\" aria-required=\"true\" aria-invalid=\"false\" placeholder=\"Pa\u00eds*\" value=\"\" type=\"text\" name=\"your-country\" \/><\/span><br \/>\n<span class=\"wpcf7-form-control-wrap\" data-name=\"your-email\"><input size=\"40\" maxlength=\"80\" class=\"wpcf7-form-control wpcf7-email wpcf7-validates-as-required wpcf7-text wpcf7-validates-as-email\" aria-required=\"true\" aria-invalid=\"false\" placeholder=\"Direcci\u00f3n de correo electr\u00f3nico*\" value=\"\" type=\"email\" name=\"your-email\" \/><\/span><br \/>\n<span class=\"wpcf7-form-control-wrap\" data-name=\"your-tel\"><input size=\"40\" maxlength=\"80\" class=\"wpcf7-form-control wpcf7-tel wpcf7-validates-as-required wpcf7-text wpcf7-validates-as-tel\" aria-required=\"true\" aria-invalid=\"false\" placeholder=\"Tel\u00e9fono*\" value=\"\" type=\"tel\" name=\"your-tel\" \/><\/span><br \/>\n<span class=\"wpcf7-form-control-wrap\" data-name=\"your-fax\"><input size=\"40\" maxlength=\"80\" class=\"wpcf7-form-control wpcf7-tel wpcf7-text wpcf7-validates-as-tel\" aria-invalid=\"false\" placeholder=\"Fax\" value=\"\" type=\"tel\" name=\"your-fax\" \/><\/span><br \/>\n<span class=\"wpcf7-form-control-wrap\" data-name=\"your-message\"><textarea cols=\"40\" rows=\"10\" maxlength=\"400\" class=\"wpcf7-form-control wpcf7-textarea wpcf7-validates-as-required\" aria-required=\"true\" aria-invalid=\"false\" placeholder=\"Comentario \/ Desea informaci\u00f3n*\" name=\"your-message\"><\/textarea><\/span><br \/>\n<input class=\"wpcf7-form-control wpcf7-submit has-spinner\" type=\"submit\" value=\"Submit\" \/>\n\t<\/p>\n<\/div>\n<p><script>\ndocument.addEventListener( 'wpcf7mailsent', function( event ) {\n location = 'https:\/\/www.lrbgchemicals.thedev.ca\/thank-you\/';\n}, false );\n<\/script>\n<\/p><div class=\"wpcf7-response-output\" aria-hidden=\"true\"><\/div>\n<\/form>\n<\/div>\n[\/vc_column_inner][\/vc_row_inner][mk_padding_divider size=\u00bb120&#8243; visibility=\u00bbhidden-sm\u00bb][\/vc_column][\/mk_page_section][mk_page_section bg_position=\u00bbleft bottom\u00bb bg_repeat=\u00bbno-repeat\u00bb bg_stretch=\u00bbtrue\u00bb bg_gradient=\u00bbhorizontal\u00bb video_color_mask=\u00bbrgba(255,255,255,0)\u00bb gr_end=\u00bb#ffffff\u00bb video_opacity=\u00bb1&#8243; padding_top=\u00bb130&#8243; padding_bottom=\u00bb130&#8243; sidebar=\u00bbsidebar-1&#8243;][vc_column][mk_fancy_title color=\u00bb#0c4b90&#8243; size=\u00bb42&#8243; force_font_size=\u00bbtrue\u00bb size_tablet=\u00bb36&#8243; size_phone=\u00bb28&#8243; line_height=\u00bb95&#8243; font_weight=\u00bb400&#8243; txt_transform=\u00bbnone\u00bb margin_bottom=\u00bb0&#8243; font_family=\u00bbMontserrat\u00bb font_type=\u00bbgoogle\u00bb]Branches[\/mk_fancy_title][mk_padding_divider size=\u00bb60&#8243;][vc_row_inner css=\u00bb.vc_custom_1576009064827{margin-top: 0px !important;margin-right: 0px !important;margin-bottom: 0px !important;margin-left: 0px !important;border-top-width: 0px !important;border-right-width: 0px !important;border-bottom-width: 0px !important;border-left-width: 0px !important;padding-top: 0px !important;padding-right: 0px !important;padding-bottom: 0px !important;padding-left: 0px !important;}\u00bb][vc_column_inner width=\u00bb1\/3&#8243; css=\u00bb.vc_custom_1576009097427{padding-top: 0px !important;padding-bottom: 0px !important;}\u00bb][mk_fancy_title color=\u00bb#0c4b90&#8243; size=\u00bb24&#8243; force_font_size=\u00bbtrue\u00bb size_tablet=\u00bb22&#8243; size_phone=\u00bb19&#8243; line_height=\u00bb95&#8243; font_weight=\u00bbbold\u00bb txt_transform=\u00bbnone\u00bb margin_bottom=\u00bb0&#8243; font_family=\u00bbMontserrat\u00bb font_type=\u00bbgoogle\u00bb]USA[\/mk_fancy_title][mk_contact_info phone=\u00bb419-244-5856&#8243; email=\u00bbinfo@lrbgusa.com\u00bb address=\u00bb2112 Sylvan Avenue<br \/>\nP.O. Box 2570, Toledo, OH 43606&#8243;][\/vc_column_inner][vc_column_inner width=\u00bb1\/3&#8243;][mk_padding_divider size=\u00bb30&#8243;][mk_button dimension=\u00bbflat\u00bb size=\u00bbmedium\u00bb url=\u00bbhttps:\/\/www.google.com\/maps\/place\/Tembec+BTLSR+Toledo,+Inc.\/@41.6615877,-83.5751279,17z\/data=!3m1!4b1!4m5!3m4!1s0x883b80b524cc19ad:0x377b1dfca4e5ee52!8m2!3d41.6615877!4d-83.5729339&#8243; target=\u00bb_blank\u00bb margin_top=\u00bb15&#8243; animation=\u00bbfade-in\u00bb bg_color=\u00bb#0c4b90&#8243; btn_hover_bg=\u00bb#00984d\u00bb btn_hover_txt_color=\u00bb#ffffff\u00bb]On the map[\/mk_button][\/vc_column_inner][\/vc_row_inner][\/vc_column][\/mk_page_section]\n<\/div>","protected":false},"excerpt":{"rendered":"<p>[mk_page_section bg_image=\u00bbhttp:\/\/lrbgchemicals.thedev.ca\/wp-content\/uploads\/molecules-opt.jpg\u00bb bg_color=\u00bb#000000&#8243; bg_position=\u00bbcenter center\u00bb bg_repeat=\u00bbno-repeat\u00bb bg_stretch=\u00bbtrue\u00bb video_color_mask=\u00bb#073170&#8243; video_opacity=\u00bb0.5&#8243; js_vertical_centered=\u00bbtrue\u00bb padding_top=\u00bb0&#8243; padding_bottom=\u00bb140&#8243; sidebar=\u00bbsidebar-1&#8243;][vc_column width=\u00bb5\/6&#8243;][mk_padding_divider size=\u00bb130&#8243; visibility=\u00bbhidden-sm\u00bb][mk_fancy_title tag_name=\u00bbh1&#8243; color=\u00bb#ffffff\u00bb size=\u00bb24&#8243; line_height=\u00bb99&#8243; font_weight=\u00bb400&#8243; txt_transform=\u00bbuppercase\u00bb margin_bottom=\u00bb0&#8243; font_family=\u00bbMontserrat\u00bb font_type=\u00bbgoogle\u00bb]Gracias por visitar la p\u00e1gina de Internet de LRBG Chemicals.[\/mk_fancy_title][mk_fancy_title color=\u00bb#ffffff\u00bb size=\u00bb56&#8243; force_font_size=\u00bbtrue\u00bb size_tablet=\u00bb45&#8243; size_phone=\u00bb32&#8243; line_height=\u00bb99&#8243; font_weight=\u00bbbold\u00bb txt_transform=\u00bbuppercase\u00bb margin_bottom=\u00bb0&#8243; font_family=\u00bbMontserrat\u00bb font_type=\u00bbgoogle\u00bb drop_shadow=\u00bbtrue\u00bb shadow_angle=\u00bb0&#8243; shadow_distance=\u00bb0&#8243; shadow_color=\u00bb#00245e\u00bb]\u00bfC\u00f3mo podemos ayudarle?[\/mk_fancy_title][mk_fancy_title tag_name=\u00bbspan\u00bb color=\u00bb#ffffff\u00bb size=\u00bb20&#8243; font_weight=\u00bb400&#8243; [&hellip;]<\/p>\n","protected":false},"author":2,"featured_media":0,"parent":0,"menu_order":0,"comment_status":"closed","ping_status":"closed","template":"","meta":{"footnotes":""},"yoast_head":"<!-- This site is optimized with the Yoast SEO plugin v23.0 - https:\/\/yoast.com\/wordpress\/plugins\/seo\/ -->\n<title>Cont\u00e1ctenos | LRBG Chemicals<\/title>\n<meta name=\"description\" content=\"LRBG Chemicals - \u00bfC\u00f3mo podemos ayudarle?\" \/>\n<meta name=\"robots\" content=\"noindex, follow, max-snippet:-1, max-image-preview:large, max-video-preview:-1\" \/>\n<meta property=\"og:locale\" content=\"es_ES\" \/>\n<meta property=\"og:type\" content=\"article\" \/>\n<meta property=\"og:title\" content=\"Cont\u00e1ctenos | LRBG Chemicals\" \/>\n<meta property=\"og:description\" content=\"LRBG Chemicals - \u00bfC\u00f3mo podemos ayudarle?\" \/>\n<meta property=\"og:url\" content=\"https:\/\/lrbgchemicals.thedev.ca\/es\/contactenos\/\" \/>\n<meta property=\"og:site_name\" content=\"LRBG Chemicals (USA) Inc.\" \/>\n<meta property=\"article:modified_time\" content=\"2024-06-27T15:27:05+00:00\" \/>\n<meta name=\"twitter:card\" content=\"summary_large_image\" \/>\n<meta name=\"twitter:label1\" content=\"Tiempo de lectura\" \/>\n\t<meta name=\"twitter:data1\" content=\"2 minutos\" \/>\n<script type=\"application\/ld+json\" class=\"yoast-schema-graph\">{\"@context\":\"https:\/\/schema.org\",\"@graph\":[{\"@type\":\"WebPage\",\"@id\":\"https:\/\/lrbgchemicals.thedev.ca\/es\/contactenos\/\",\"url\":\"https:\/\/lrbgchemicals.thedev.ca\/es\/contactenos\/\",\"name\":\"Cont\u00e1ctenos | LRBG Chemicals\",\"isPartOf\":{\"@id\":\"https:\/\/lrbgchemicals.thedev.ca\/#website\"},\"datePublished\":\"2020-01-28T14:51:11+00:00\",\"dateModified\":\"2024-06-27T15:27:05+00:00\",\"description\":\"LRBG Chemicals - \u00bfC\u00f3mo podemos ayudarle?\",\"breadcrumb\":{\"@id\":\"https:\/\/lrbgchemicals.thedev.ca\/es\/contactenos\/#breadcrumb\"},\"inLanguage\":\"es\",\"potentialAction\":[{\"@type\":\"ReadAction\",\"target\":[\"https:\/\/lrbgchemicals.thedev.ca\/es\/contactenos\/\"]}]},{\"@type\":\"BreadcrumbList\",\"@id\":\"https:\/\/lrbgchemicals.thedev.ca\/es\/contactenos\/#breadcrumb\",\"itemListElement\":[{\"@type\":\"ListItem\",\"position\":1,\"name\":\"Home\",\"item\":\"https:\/\/lrbgchemicals.thedev.ca\/es\/\"},{\"@type\":\"ListItem\",\"position\":2,\"name\":\"Cont\u00e1ctenos\"}]},{\"@type\":\"WebSite\",\"@id\":\"https:\/\/lrbgchemicals.thedev.ca\/#website\",\"url\":\"https:\/\/lrbgchemicals.thedev.ca\/\",\"name\":\"LRBG Chemicals (USA) Inc.\",\"description\":\"\",\"potentialAction\":[{\"@type\":\"SearchAction\",\"target\":{\"@type\":\"EntryPoint\",\"urlTemplate\":\"https:\/\/lrbgchemicals.thedev.ca\/?s={search_term_string}\"},\"query-input\":\"required name=search_term_string\"}],\"inLanguage\":\"es\"}]}<\/script>\n<!-- \/ Yoast SEO plugin. -->","yoast_head_json":{"title":"Cont\u00e1ctenos | LRBG Chemicals","description":"LRBG Chemicals - \u00bfC\u00f3mo podemos ayudarle?","robots":{"index":"noindex","follow":"follow","max-snippet":"max-snippet:-1","max-image-preview":"max-image-preview:large","max-video-preview":"max-video-preview:-1"},"og_locale":"es_ES","og_type":"article","og_title":"Cont\u00e1ctenos | LRBG Chemicals","og_description":"LRBG Chemicals - \u00bfC\u00f3mo podemos ayudarle?","og_url":"https:\/\/lrbgchemicals.thedev.ca\/es\/contactenos\/","og_site_name":"LRBG Chemicals (USA) Inc.","article_modified_time":"2024-06-27T15:27:05+00:00","twitter_card":"summary_large_image","twitter_misc":{"Tiempo de lectura":"2 minutos"},"schema":{"@context":"https:\/\/schema.org","@graph":[{"@type":"WebPage","@id":"https:\/\/lrbgchemicals.thedev.ca\/es\/contactenos\/","url":"https:\/\/lrbgchemicals.thedev.ca\/es\/contactenos\/","name":"Cont\u00e1ctenos | LRBG Chemicals","isPartOf":{"@id":"https:\/\/lrbgchemicals.thedev.ca\/#website"},"datePublished":"2020-01-28T14:51:11+00:00","dateModified":"2024-06-27T15:27:05+00:00","description":"LRBG Chemicals - \u00bfC\u00f3mo podemos ayudarle?","breadcrumb":{"@id":"https:\/\/lrbgchemicals.thedev.ca\/es\/contactenos\/#breadcrumb"},"inLanguage":"es","potentialAction":[{"@type":"ReadAction","target":["https:\/\/lrbgchemicals.thedev.ca\/es\/contactenos\/"]}]},{"@type":"BreadcrumbList","@id":"https:\/\/lrbgchemicals.thedev.ca\/es\/contactenos\/#breadcrumb","itemListElement":[{"@type":"ListItem","position":1,"name":"Home","item":"https:\/\/lrbgchemicals.thedev.ca\/es\/"},{"@type":"ListItem","position":2,"name":"Cont\u00e1ctenos"}]},{"@type":"WebSite","@id":"https:\/\/lrbgchemicals.thedev.ca\/#website","url":"https:\/\/lrbgchemicals.thedev.ca\/","name":"LRBG Chemicals (USA) Inc.","description":"","potentialAction":[{"@type":"SearchAction","target":{"@type":"EntryPoint","urlTemplate":"https:\/\/lrbgchemicals.thedev.ca\/?s={search_term_string}"},"query-input":"required name=search_term_string"}],"inLanguage":"es"}]}},"_links":{"self":[{"href":"https:\/\/lrbgchemicals.thedev.ca\/es\/wp-json\/wp\/v2\/pages\/5290"}],"collection":[{"href":"https:\/\/lrbgchemicals.thedev.ca\/es\/wp-json\/wp\/v2\/pages"}],"about":[{"href":"https:\/\/lrbgchemicals.thedev.ca\/es\/wp-json\/wp\/v2\/types\/page"}],"author":[{"embeddable":true,"href":"https:\/\/lrbgchemicals.thedev.ca\/es\/wp-json\/wp\/v2\/users\/2"}],"replies":[{"embeddable":true,"href":"https:\/\/lrbgchemicals.thedev.ca\/es\/wp-json\/wp\/v2\/comments?post=5290"}],"version-history":[{"count":7,"href":"https:\/\/lrbgchemicals.thedev.ca\/es\/wp-json\/wp\/v2\/pages\/5290\/revisions"}],"predecessor-version":[{"id":6332,"href":"https:\/\/lrbgchemicals.thedev.ca\/es\/wp-json\/wp\/v2\/pages\/5290\/revisions\/6332"}],"wp:attachment":[{"href":"https:\/\/lrbgchemicals.thedev.ca\/es\/wp-json\/wp\/v2\/media?parent=5290"}],"curies":[{"name":"wp","href":"https:\/\/api.w.org\/{rel}","templated":true}]}}