{"id":5302,"date":"2019-12-18T18:28:16","date_gmt":"2019-12-18T13:28:16","guid":{"rendered":"http:\/\/lrbgchemicals.com\/melamine-urea-powdered-resins\/"},"modified":"2020-03-24T10:46:34","modified_gmt":"2020-03-24T15:46:34","slug":"resinas-polvo-melamina-urea","status":"publish","type":"page","link":"https:\/\/lrbgchemicals.thedev.ca\/es\/resinas-polvo-melamina-urea\/","title":{"rendered":"Resinas en polvo de melamina-urea"},"content":{"rendered":"<div class=\"wpb-content-wrapper\">[mk_page_section bg_image=\u00bbhttp:\/\/lrbgchemicals.thedev.ca\/wp-content\/uploads\/melamine-resin-opt.jpg\u00bb bg_color=\u00bb#000000&#8243; bg_repeat=\u00bbno-repeat\u00bb bg_stretch=\u00bbtrue\u00bb video_opacity=\u00bb0&#8243; js_vertical_centered=\u00bbtrue\u00bb padding_top=\u00bb0&#8243; padding_bottom=\u00bb140&#8243; sidebar=\u00bbsidebar-1&#8243;][vc_column width=\u00bb5\/6&#8243;][mk_padding_divider size=\u00bb60&#8243; visibility=\u00bbvisible-sm\u00bb][mk_padding_divider size=\u00bb130&#8243; visibility=\u00bbhidden-sm\u00bb][mk_custom_box padding_horizental=\u00bb30&#8243; margin_bottom=\u00bb0&#8243; bg_color=\u00bbrgba(0,0,0,0.66)\u00bb][mk_fancy_title tag_name=\u00bbh5&#8243; color=\u00bb#ffffff\u00bb size=\u00bb24&#8243; line_height=\u00bb90&#8243; font_weight=\u00bb400&#8243; txt_transform=\u00bbuppercase\u00bb margin_bottom=\u00bb0&#8243; font_family=\u00bbMontserrat\u00bb font_type=\u00bbgoogle\u00bb]Cuando se necesita un pegamento con fuerza adicional&#8230;[\/mk_fancy_title][mk_fancy_title color=\u00bb#ffffff\u00bb size=\u00bb56&#8243; force_font_size=\u00bbtrue\u00bb size_tablet=\u00bb45&#8243; size_phone=\u00bb32&#8243; line_height=\u00bb95&#8243; font_weight=\u00bbbold\u00bb txt_transform=\u00bbuppercase\u00bb margin_bottom=\u00bb0&#8243; font_family=\u00bbMontserrat\u00bb font_type=\u00bbgoogle\u00bb]Opt for our<br \/>\n<span style=\"color: #00984d;\">Resinas en polvo de melamina-urea<\/span>[\/mk_fancy_title][\/mk_custom_box][mk_padding_divider size=\u00bb70&#8243;][\/vc_column][vc_column width=\u00bb1\/6&#8243;][\/vc_column][\/mk_page_section][mk_page_section bg_image=\u00bbhttp:\/\/lrbgchemicals.thedev.ca\/wp-content\/uploads\/bg-blue-formaldehyde-opt-resized2.jpg\u00bb bg_repeat=\u00bbno-repeat\u00bb bg_stretch=\u00bbtrue\u00bb enable_3d=\u00bbtrue\u00bb bg_gradient=\u00bbvertical\u00bb video_color_mask=\u00bbrgba(255,255,255,0)\u00bb gr_end=\u00bb#ffffff\u00bb video_opacity=\u00bb1&#8243; sidebar=\u00bbsidebar-1&#8243;][vc_column css=\u00bb.vc_custom_1576010790434{background-position: center !important;background-repeat: no-repeat !important;background-size: contain !important;}\u00bb][vc_row_inner][vc_column_inner width=\u00bb1\/3&#8243;][\/vc_column_inner][vc_column_inner width=\u00bb2\/3&#8243;][mk_padding_divider size=\u00bb120&#8243;][mk_fancy_title tag_name=\u00bbh1&#8243; color=\u00bb#0c4b90&#8243; size=\u00bb42&#8243; force_font_size=\u00bbtrue\u00bb size_tablet=\u00bb36&#8243; size_phone=\u00bb28&#8243; line_height=\u00bb95&#8243; font_weight=\u00bbbold\u00bb txt_transform=\u00bbnone\u00bb margin_bottom=\u00bb0&#8243; font_family=\u00bbMontserrat\u00bb font_type=\u00bbgoogle\u00bb]Resinas de Melanina-Urea de aspersi\u00f3n Seca[\/mk_fancy_title][vc_column_text disable_pattern=\u00bbfalse\u00bb css=\u00bb.vc_custom_1584539910440{margin-bottom: 0px !important;}\u00bb]Cuando se requiere un pegamento com\u00fan de madera fuerte y flexible, las resinas pulverizadas de melamina-urea que ofrece LRBG Chemicals son los productos a elegir. Dise\u00f1ados para tener alta resistencia al agua y solventes. Adem\u00e1s, su calidad adhesiva es superior.<\/p>\n<p>Como amarradores en discos de diamante usadas para cortar y sesgar vidrio. Nuestra resina en polvo de melamina-urea es insuperable. La resina proporciona al abrasivo una consistencia que permite un desgaste m\u00e1s uniforme, y una durabilidad que alarga la vida \u00fatil del disco de corte.[\/vc_column_text][\/vc_column_inner][\/vc_row_inner][mk_padding_divider size=\u00bb60&#8243;][vc_row_inner][vc_column_inner width=\u00bb1\/3&#8243;][mk_fancy_title tag_name=\u00bbh3&#8243; color=\u00bb#0c4b90&#8243; size=\u00bb33&#8243; font_weight=\u00bb400&#8243; txt_transform=\u00bbnone\u00bb margin_bottom=\u00bb15&#8243; font_family=\u00bbMontserrat\u00bb font_type=\u00bbgoogle\u00bb]Aplicaciones:[\/mk_fancy_title][mk_custom_list style=\u00bbmk-moon-checkbox-checked-2&#8243;]\n<ul>\n<li>Piso para carros<\/li>\n<li>Amarre de discos de diamantes abrasivos<\/li>\n<li>Piso para contenedores<\/li>\n<li>Estructuras de madera laminada<\/li>\n<\/ul>\n[\/mk_custom_list][\/vc_column_inner][vc_column_inner width=\u00bb2\/3&#8243;][mk_custom_box padding_horizental=\u00bb30&#8243; margin_bottom=\u00bb0&#8243; bg_color=\u00bb#00984d\u00bb][vc_column_text css=\u00bb.vc_custom_1584539978176{margin-bottom: 0px !important;}\u00bb]\n<p style=\"margin-bottom: 0; font-size: 20px; color: #fff; font-weight: 600; text-align: center; line-height: 1.3em;\">Las resinas de la melamina-urea en aerosol de LRBG Chemicals se utilizan como pegamento en sistemas de compresi\u00f3n caliente y de alta frecuencia. Cuando se mezcla con nuestros catalizadores especialmente dise\u00f1ados, nuestras resinas pueden durar tener m\u00e1s tiempo en el recipiente durante su aplicaci\u00f3n, mientras que al usarla en caliente, el tiempo de fijaci\u00f3n es m\u00e1s r\u00e1pido. Estas resinas han tenido un excelente \u00e9xito al usarse en la uni\u00f3n del piso de camiones, contenedores, entarimado para rieles, as\u00ed como para otras estructuras de laminado de madera.<\/p>\n[\/vc_column_text][\/mk_custom_box][\/vc_column_inner][\/vc_row_inner][mk_padding_divider size=\u00bb120&#8243;][\/vc_column][\/mk_page_section][vc_row fullwidth=\u00bbtrue\u00bb fullwidth_content=\u00bbfalse\u00bb css=\u00bb.vc_custom_1576071688623{background-color: #00984d !important;}\u00bb][vc_column][mk_padding_divider size=\u00bb120&#8243;][vc_row_inner][vc_column_inner width=\u00bb1\/6&#8243;][\/vc_column_inner][vc_column_inner width=\u00bb2\/3&#8243;][mk_fancy_title color=\u00bb#ffffff\u00bb size=\u00bb42&#8243; force_font_size=\u00bbtrue\u00bb size_tablet=\u00bb36&#8243; size_phone=\u00bb28&#8243; line_height=\u00bb95&#8243; font_weight=\u00bbbold\u00bb txt_transform=\u00bbnone\u00bb margin_bottom=\u00bb0&#8243; font_family=\u00bbMontserrat\u00bb font_type=\u00bbgoogle\u00bb align=\u00bbcenter\u00bb]LRBG Chemicals Resinas de Melanina-Urea[\/mk_fancy_title][\/vc_column_inner][vc_column_inner width=\u00bb1\/6&#8243;][\/vc_column_inner][\/vc_row_inner][vc_row_inner][vc_column_inner][mk_table style=\u00bbstyle2&#8243;]\n<table class=\"bjm-table\" width=\"100%\">\n<thead>\n<tr>\n<th>TYPO<\/th>\n<th><strong>Descripci\u00f3n de la resina<\/strong><\/th>\n<\/tr>\n<\/thead>\n<tbody>\n<tr>\n<td>MUF 400<\/td>\n<td>Resina pegamento utilizada para pisos en prensa caliente o sistemas de alta frecuencia. Cumple con los est\u00e1ndares comerciales seg\u00fan Spec. SC253-63. Tiene caracter\u00edsticas de curado r\u00e1pido y baja conducci\u00f3n el\u00e9ctrica. Utilizada extensivamente por fabricantes de piso laminado de camiones y piso de contenedores a nivel mundial.<\/td>\n<\/tr>\n<tr>\n<td>1-25 Catalizador<\/td>\n<td>Al mezclarse con MUF 400, mantiene una vida m\u00e1s larga en el recipiente de trabajo mientras que se cataliza m\u00e1s r\u00e1pido al trabajarse en calor.<\/td>\n<\/tr>\n<tr>\n<td>MUF 1-182<\/td>\n<td>Esta resina MUF no contiene harina o polvillo de madera. Se utiliza como aglutinante en la producci\u00f3n de discos pulidores y abrasivos.<\/td>\n<\/tr>\n<tr>\n<td>MUF 400PC<\/td>\n<td><\/td>\n<\/tr>\n<\/tbody>\n<\/table>\n[\/mk_table][\/vc_column_inner][\/vc_row_inner][mk_padding_divider size=\u00bb120&#8243;][\/vc_column][\/vc_row]\n<\/div>","protected":false},"excerpt":{"rendered":"<p>[mk_page_section bg_image=\u00bbhttp:\/\/lrbgchemicals.thedev.ca\/wp-content\/uploads\/melamine-resin-opt.jpg\u00bb bg_color=\u00bb#000000&#8243; bg_repeat=\u00bbno-repeat\u00bb bg_stretch=\u00bbtrue\u00bb video_opacity=\u00bb0&#8243; js_vertical_centered=\u00bbtrue\u00bb padding_top=\u00bb0&#8243; padding_bottom=\u00bb140&#8243; sidebar=\u00bbsidebar-1&#8243;][vc_column width=\u00bb5\/6&#8243;][mk_padding_divider size=\u00bb60&#8243; visibility=\u00bbvisible-sm\u00bb][mk_padding_divider size=\u00bb130&#8243; visibility=\u00bbhidden-sm\u00bb][mk_custom_box padding_horizental=\u00bb30&#8243; margin_bottom=\u00bb0&#8243; bg_color=\u00bbrgba(0,0,0,0.66)\u00bb][mk_fancy_title tag_name=\u00bbh5&#8243; color=\u00bb#ffffff\u00bb size=\u00bb24&#8243; line_height=\u00bb90&#8243; font_weight=\u00bb400&#8243; txt_transform=\u00bbuppercase\u00bb margin_bottom=\u00bb0&#8243; font_family=\u00bbMontserrat\u00bb font_type=\u00bbgoogle\u00bb]Cuando se necesita un pegamento con fuerza adicional&#8230;[\/mk_fancy_title][mk_fancy_title color=\u00bb#ffffff\u00bb size=\u00bb56&#8243; force_font_size=\u00bbtrue\u00bb size_tablet=\u00bb45&#8243; size_phone=\u00bb32&#8243; line_height=\u00bb95&#8243; font_weight=\u00bbbold\u00bb txt_transform=\u00bbuppercase\u00bb margin_bottom=\u00bb0&#8243; font_family=\u00bbMontserrat\u00bb font_type=\u00bbgoogle\u00bb]Opt for our Resinas en polvo de melamina-urea[\/mk_fancy_title][\/mk_custom_box][mk_padding_divider size=\u00bb70&#8243;][\/vc_column][vc_column width=\u00bb1\/6&#8243;][\/vc_column][\/mk_page_section][mk_page_section bg_image=\u00bbhttp:\/\/lrbgchemicals.thedev.ca\/wp-content\/uploads\/bg-blue-formaldehyde-opt-resized2.jpg\u00bb [&hellip;]<\/p>\n","protected":false},"author":2,"featured_media":0,"parent":0,"menu_order":0,"comment_status":"closed","ping_status":"closed","template":"","meta":{"footnotes":""},"yoast_head":"<!-- This site is optimized with the Yoast SEO plugin v23.0 - https:\/\/yoast.com\/wordpress\/plugins\/seo\/ -->\n<title>Resinas de Melanina-Urea de aspersi\u00f3n Seca | LRBG Chemicals<\/title>\n<meta name=\"description\" content=\"Las resinas de la melamina-urea en aerosol de LRBG Chemicals se utilizan como pegamento en sistemas de compresi\u00f3n caliente y de alta frecuencia.\" \/>\n<meta name=\"robots\" content=\"noindex, follow, max-snippet:-1, max-image-preview:large, max-video-preview:-1\" \/>\n<meta property=\"og:locale\" content=\"es_ES\" \/>\n<meta property=\"og:type\" content=\"article\" \/>\n<meta property=\"og:title\" content=\"Resinas de Melanina-Urea de aspersi\u00f3n Seca | LRBG Chemicals\" \/>\n<meta property=\"og:description\" content=\"Las resinas de la melamina-urea en aerosol de LRBG Chemicals se utilizan como pegamento en sistemas de compresi\u00f3n caliente y de alta frecuencia.\" \/>\n<meta property=\"og:url\" content=\"https:\/\/lrbgchemicals.thedev.ca\/es\/resinas-polvo-melamina-urea\/\" \/>\n<meta property=\"og:site_name\" content=\"LRBG Chemicals (USA) Inc.\" \/>\n<meta property=\"article:modified_time\" content=\"2020-03-24T15:46:34+00:00\" \/>\n<meta name=\"twitter:card\" content=\"summary_large_image\" \/>\n<meta name=\"twitter:label1\" content=\"Tiempo de lectura\" \/>\n\t<meta name=\"twitter:data1\" content=\"4 minutos\" \/>\n<script type=\"application\/ld+json\" class=\"yoast-schema-graph\">{\"@context\":\"https:\/\/schema.org\",\"@graph\":[{\"@type\":\"WebPage\",\"@id\":\"https:\/\/lrbgchemicals.thedev.ca\/es\/resinas-polvo-melamina-urea\/\",\"url\":\"https:\/\/lrbgchemicals.thedev.ca\/es\/resinas-polvo-melamina-urea\/\",\"name\":\"Resinas de Melanina-Urea de aspersi\u00f3n Seca | LRBG Chemicals\",\"isPartOf\":{\"@id\":\"https:\/\/lrbgchemicals.thedev.ca\/#website\"},\"datePublished\":\"2019-12-18T13:28:16+00:00\",\"dateModified\":\"2020-03-24T15:46:34+00:00\",\"description\":\"Las resinas de la melamina-urea en aerosol de LRBG Chemicals se utilizan como pegamento en sistemas de compresi\u00f3n caliente y de alta frecuencia.\",\"breadcrumb\":{\"@id\":\"https:\/\/lrbgchemicals.thedev.ca\/es\/resinas-polvo-melamina-urea\/#breadcrumb\"},\"inLanguage\":\"es\",\"potentialAction\":[{\"@type\":\"ReadAction\",\"target\":[\"https:\/\/lrbgchemicals.thedev.ca\/es\/resinas-polvo-melamina-urea\/\"]}]},{\"@type\":\"BreadcrumbList\",\"@id\":\"https:\/\/lrbgchemicals.thedev.ca\/es\/resinas-polvo-melamina-urea\/#breadcrumb\",\"itemListElement\":[{\"@type\":\"ListItem\",\"position\":1,\"name\":\"Home\",\"item\":\"https:\/\/lrbgchemicals.thedev.ca\/es\/\"},{\"@type\":\"ListItem\",\"position\":2,\"name\":\"Resinas en polvo de melamina-urea\"}]},{\"@type\":\"WebSite\",\"@id\":\"https:\/\/lrbgchemicals.thedev.ca\/#website\",\"url\":\"https:\/\/lrbgchemicals.thedev.ca\/\",\"name\":\"LRBG Chemicals (USA) Inc.\",\"description\":\"\",\"potentialAction\":[{\"@type\":\"SearchAction\",\"target\":{\"@type\":\"EntryPoint\",\"urlTemplate\":\"https:\/\/lrbgchemicals.thedev.ca\/?s={search_term_string}\"},\"query-input\":\"required name=search_term_string\"}],\"inLanguage\":\"es\"}]}<\/script>\n<!-- \/ Yoast SEO plugin. -->","yoast_head_json":{"title":"Resinas de Melanina-Urea de aspersi\u00f3n Seca | LRBG Chemicals","description":"Las resinas de la melamina-urea en aerosol de LRBG Chemicals se utilizan como pegamento en sistemas de compresi\u00f3n caliente y de alta frecuencia.","robots":{"index":"noindex","follow":"follow","max-snippet":"max-snippet:-1","max-image-preview":"max-image-preview:large","max-video-preview":"max-video-preview:-1"},"og_locale":"es_ES","og_type":"article","og_title":"Resinas de Melanina-Urea de aspersi\u00f3n Seca | LRBG Chemicals","og_description":"Las resinas de la melamina-urea en aerosol de LRBG Chemicals se utilizan como pegamento en sistemas de compresi\u00f3n caliente y de alta frecuencia.","og_url":"https:\/\/lrbgchemicals.thedev.ca\/es\/resinas-polvo-melamina-urea\/","og_site_name":"LRBG Chemicals (USA) Inc.","article_modified_time":"2020-03-24T15:46:34+00:00","twitter_card":"summary_large_image","twitter_misc":{"Tiempo de lectura":"4 minutos"},"schema":{"@context":"https:\/\/schema.org","@graph":[{"@type":"WebPage","@id":"https:\/\/lrbgchemicals.thedev.ca\/es\/resinas-polvo-melamina-urea\/","url":"https:\/\/lrbgchemicals.thedev.ca\/es\/resinas-polvo-melamina-urea\/","name":"Resinas de Melanina-Urea de aspersi\u00f3n Seca | LRBG Chemicals","isPartOf":{"@id":"https:\/\/lrbgchemicals.thedev.ca\/#website"},"datePublished":"2019-12-18T13:28:16+00:00","dateModified":"2020-03-24T15:46:34+00:00","description":"Las resinas de la melamina-urea en aerosol de LRBG Chemicals se utilizan como pegamento en sistemas de compresi\u00f3n caliente y de alta frecuencia.","breadcrumb":{"@id":"https:\/\/lrbgchemicals.thedev.ca\/es\/resinas-polvo-melamina-urea\/#breadcrumb"},"inLanguage":"es","potentialAction":[{"@type":"ReadAction","target":["https:\/\/lrbgchemicals.thedev.ca\/es\/resinas-polvo-melamina-urea\/"]}]},{"@type":"BreadcrumbList","@id":"https:\/\/lrbgchemicals.thedev.ca\/es\/resinas-polvo-melamina-urea\/#breadcrumb","itemListElement":[{"@type":"ListItem","position":1,"name":"Home","item":"https:\/\/lrbgchemicals.thedev.ca\/es\/"},{"@type":"ListItem","position":2,"name":"Resinas en polvo de melamina-urea"}]},{"@type":"WebSite","@id":"https:\/\/lrbgchemicals.thedev.ca\/#website","url":"https:\/\/lrbgchemicals.thedev.ca\/","name":"LRBG Chemicals (USA) Inc.","description":"","potentialAction":[{"@type":"SearchAction","target":{"@type":"EntryPoint","urlTemplate":"https:\/\/lrbgchemicals.thedev.ca\/?s={search_term_string}"},"query-input":"required name=search_term_string"}],"inLanguage":"es"}]}},"_links":{"self":[{"href":"https:\/\/lrbgchemicals.thedev.ca\/es\/wp-json\/wp\/v2\/pages\/5302"}],"collection":[{"href":"https:\/\/lrbgchemicals.thedev.ca\/es\/wp-json\/wp\/v2\/pages"}],"about":[{"href":"https:\/\/lrbgchemicals.thedev.ca\/es\/wp-json\/wp\/v2\/types\/page"}],"author":[{"embeddable":true,"href":"https:\/\/lrbgchemicals.thedev.ca\/es\/wp-json\/wp\/v2\/users\/2"}],"replies":[{"embeddable":true,"href":"https:\/\/lrbgchemicals.thedev.ca\/es\/wp-json\/wp\/v2\/comments?post=5302"}],"version-history":[{"count":4,"href":"https:\/\/lrbgchemicals.thedev.ca\/es\/wp-json\/wp\/v2\/pages\/5302\/revisions"}],"predecessor-version":[{"id":5470,"href":"https:\/\/lrbgchemicals.thedev.ca\/es\/wp-json\/wp\/v2\/pages\/5302\/revisions\/5470"}],"wp:attachment":[{"href":"https:\/\/lrbgchemicals.thedev.ca\/es\/wp-json\/wp\/v2\/media?parent=5302"}],"curies":[{"name":"wp","href":"https:\/\/api.w.org\/{rel}","templated":true}]}}