{"id":5795,"date":"2019-12-18T18:28:16","date_gmt":"2019-12-18T13:28:16","guid":{"rendered":"https:\/\/lrbgchemicals.com\/melamine-urea-powdered-resins\/"},"modified":"2021-03-30T11:38:21","modified_gmt":"2021-03-30T16:38:21","slug":"resines-melamine-uree-en-poudre","status":"publish","type":"page","link":"https:\/\/lrbgchemicals.thedev.ca\/fr\/resines-melamine-uree-en-poudre\/","title":{"rendered":"R\u00e9sines m\u00e9lamine-ur\u00e9e (MUF)"},"content":{"rendered":"<div class=\"wpb-content-wrapper\">[mk_page_section bg_image=&raquo;http:\/\/lrbgchemicals.thedev.ca\/wp-content\/uploads\/melamine-resin-opt.jpg&raquo; bg_color=&raquo;#000000&Prime; bg_repeat=&raquo;no-repeat&raquo; bg_stretch=&raquo;true&raquo; video_opacity=&raquo;0&Prime; js_vertical_centered=&raquo;true&raquo; padding_top=&raquo;0&Prime; padding_bottom=&raquo;140&Prime; sidebar=&raquo;sidebar-1&Prime;][vc_column width=&raquo;5\/6&Prime;][mk_padding_divider size=&raquo;60&Prime; visibility=&raquo;visible-sm&raquo;][mk_padding_divider size=&raquo;130&Prime; visibility=&raquo;hidden-sm&raquo;][mk_custom_box padding_horizental=&raquo;30&Prime; margin_bottom=&raquo;0&Prime; bg_color=&raquo;rgba(0,0,0,0.66)&raquo;][mk_fancy_title tag_name=&raquo;h5&Prime; color=&raquo;#ffffff&raquo; size=&raquo;24&Prime; line_height=&raquo;90&Prime; font_weight=&raquo;400&Prime; txt_transform=&raquo;uppercase&raquo; margin_bottom=&raquo;0&Prime; font_family=&raquo;Montserrat&raquo; font_type=&raquo;google&raquo;]Lorsqu&rsquo;une r\u00e9sistance suppl\u00e9mentaire de la ligne de colle est n\u00e9cessaire,[\/mk_fancy_title][mk_fancy_title color=&raquo;#ffffff&raquo; size=&raquo;56&Prime; force_font_size=&raquo;true&raquo; size_tablet=&raquo;45&Prime; size_phone=&raquo;32&Prime; line_height=&raquo;95&Prime; font_weight=&raquo;bold&raquo; txt_transform=&raquo;uppercase&raquo; margin_bottom=&raquo;0&Prime; font_family=&raquo;Montserrat&raquo; font_type=&raquo;google&raquo;]optez pour<br \/>\n<span style=\"color: #00984d;\">nos r\u00e9sines m\u00e9lamine-ur\u00e9e en poudre<\/span>[\/mk_fancy_title][mk_fancy_title tag_name=&raquo;span&raquo; color=&raquo;#ffffff&raquo; size=&raquo;20&Prime; font_weight=&raquo;400&Prime; txt_transform=&raquo;none&raquo; margin_bottom=&raquo;0&Prime; font_family=&raquo;Montserrat&raquo; font_type=&raquo;google&raquo;]qui offrent une adh\u00e9rence sup\u00e9rieure[\/mk_fancy_title][mk_button dimension=&raquo;flat&raquo; size=&raquo;large&raquo; url=&raquo;\/fr\/nous-joindre\/&raquo; margin_top=&raquo;15&Prime; margin_bottom=&raquo;0&Prime; margin_right=&raquo;0&Prime; bg_color=&raquo;#00984d&raquo; btn_hover_bg=&raquo;#ffffff&raquo; btn_hover_txt_color=&raquo;#00984d&raquo;]Demandez un devis[\/mk_button][\/mk_custom_box][mk_padding_divider size=&raquo;70&Prime;][\/vc_column][vc_column width=&raquo;1\/6&Prime;][\/vc_column][\/mk_page_section][mk_page_section bg_image=&raquo;http:\/\/lrbgchemicals.thedev.ca\/wp-content\/uploads\/bg-blue-formaldehyde-opt-resized2.jpg&raquo; bg_repeat=&raquo;no-repeat&raquo; bg_stretch=&raquo;true&raquo; enable_3d=&raquo;true&raquo; bg_gradient=&raquo;vertical&raquo; video_color_mask=&raquo;rgba(255,255,255,0)&raquo; gr_end=&raquo;#ffffff&raquo; video_opacity=&raquo;1&Prime; sidebar=&raquo;sidebar-1&Prime;][vc_column css=&raquo;.vc_custom_1576010790434{background-position: center !important;background-repeat: no-repeat !important;background-size: contain !important;}&raquo;][vc_row_inner][vc_column_inner width=&raquo;1\/3&Prime;][\/vc_column_inner][vc_column_inner width=&raquo;2\/3&Prime;][mk_padding_divider size=&raquo;120&Prime;][mk_fancy_title tag_name=&raquo;h1&Prime; color=&raquo;#0c4b90&Prime; size=&raquo;42&Prime; force_font_size=&raquo;true&raquo; size_tablet=&raquo;36&Prime; size_phone=&raquo;28&Prime; line_height=&raquo;95&Prime; font_weight=&raquo;bold&raquo; txt_transform=&raquo;none&raquo; margin_bottom=&raquo;0&Prime; font_family=&raquo;Montserrat&raquo; font_type=&raquo;google&raquo;]R\u00e9sines m\u00e9lamine-ur\u00e9e en poudre, s\u00e9ch\u00e9es par pulv\u00e9risation[\/mk_fancy_title][vc_column_text disable_pattern=&raquo;false&raquo; css=&raquo;.vc_custom_1616805710602{margin-bottom: 0px !important;}&raquo;]Si vous avez besoin d\u2019un adh\u00e9sif pour joints de bois solide et flexible, optez pour les r\u00e9sines en poudre m\u00e9lamine-ur\u00e9e de LRBG Chimie. Elles sont tr\u00e8s r\u00e9sistantes \u00e0 l&rsquo;eau et aux solvants et offrent une adh\u00e9rence sup\u00e9rieure.<\/p>\n<p>Notre r\u00e9sine m\u00e9lamine-ur\u00e9e en poudre est in\u00e9gal\u00e9e comme liant dans les meules diamant\u00e9es utilis\u00e9es pour couper et biseauter le verre. La r\u00e9sine conf\u00e8re \u00e0 l&rsquo;abrasif une consistance permettant une usure plus r\u00e9guli\u00e8re et une durabilit\u00e9 qui prolonge la dur\u00e9e de vie utile de la meule de coupe.[\/vc_column_text][\/vc_column_inner][\/vc_row_inner][mk_padding_divider size=&raquo;60&Prime;][vc_row_inner][vc_column_inner width=&raquo;1\/3&Prime;][mk_fancy_title tag_name=&raquo;h3&Prime; color=&raquo;#0c4b90&Prime; size=&raquo;33&Prime; font_weight=&raquo;400&Prime; txt_transform=&raquo;none&raquo; margin_bottom=&raquo;15&Prime; font_family=&raquo;Montserrat&raquo; font_type=&raquo;google&raquo;]Exemples d\u2019applications:[\/mk_fancy_title][mk_custom_list style=&raquo;mk-moon-checkbox-checked-2&Prime;]\n<ul>\n<li><span style=\"font-weight: 400;\">Planchers de camions<\/span><\/li>\n<li><span style=\"font-weight: 400;\">Liant pour abrasifs pour meules diamant\u00e9es<\/span><\/li>\n<li><span style=\"font-weight: 400;\">Planchers de conteneurs <\/span><\/li>\n<li><span style=\"font-weight: 400;\">Structures en bois stratifi\u00e9<\/span><\/li>\n<\/ul>\n[\/mk_custom_list][\/vc_column_inner][vc_column_inner width=&raquo;2\/3&Prime;][mk_custom_box padding_horizental=&raquo;30&Prime; margin_bottom=&raquo;0&Prime; bg_color=&raquo;#00984d&raquo;][vc_column_text css=&raquo;.vc_custom_1616805767398{margin-bottom: 0px !important;}&raquo;]\n<p style=\"margin-bottom: 0; font-size: 20px; color: #fff; font-weight: 600; text-align: center; line-height: 1.3em;\">Les r\u00e9sines m\u00e9lamine ur\u00e9e s\u00e9ch\u00e9es par pulv\u00e9risation de LRBG Chimie sont utilis\u00e9es comme liants \u00e0 bois dans les syst\u00e8mes de presse \u00e0 chaud ou \u00e0 haute fr\u00e9quence. Lorsqu&rsquo;elles sont m\u00e9lang\u00e9es \u00e0 nos catalyseurs sp\u00e9cialement con\u00e7us, nos r\u00e9sines peuvent maintenir une dur\u00e9e de vie plus longue tout en ayant un temps de cuisson plus rapide lorsqu&rsquo;elles sont soumises \u00e0 la chaleur. Ces r\u00e9sines ont connu un excellent succ\u00e8s dans le collage des joints de planchers de camions, de wagons et d&rsquo;autres structures en bois stratifi\u00e9.<\/p>\n[\/vc_column_text][\/mk_custom_box][\/vc_column_inner][\/vc_row_inner][mk_padding_divider size=&raquo;120&Prime;][\/vc_column][\/mk_page_section][vc_row fullwidth=&raquo;true&raquo; fullwidth_content=&raquo;false&raquo; css=&raquo;.vc_custom_1576071688623{background-color: #00984d !important;}&raquo;][vc_column][mk_padding_divider size=&raquo;120&Prime;][vc_row_inner][vc_column_inner width=&raquo;1\/6&Prime;][\/vc_column_inner][vc_column_inner width=&raquo;2\/3&Prime;][mk_fancy_title color=&raquo;#ffffff&raquo; size=&raquo;42&Prime; force_font_size=&raquo;true&raquo; size_tablet=&raquo;36&Prime; size_phone=&raquo;28&Prime; line_height=&raquo;95&Prime; font_weight=&raquo;bold&raquo; txt_transform=&raquo;none&raquo; margin_bottom=&raquo;0&Prime; font_family=&raquo;Montserrat&raquo; font_type=&raquo;google&raquo; align=&raquo;center&raquo;]R\u00e9sines m\u00e9lamine-ur\u00e9e existantes de LRBG Chimie[\/mk_fancy_title][\/vc_column_inner][vc_column_inner width=&raquo;1\/6&Prime;][\/vc_column_inner][\/vc_row_inner][vc_row_inner][vc_column_inner][mk_table style=&raquo;style2&Prime;]\n<table class=\"bjm-table\" width=\"100%\">\n<thead>\n<tr>\n<th>TYPE<\/th>\n<th>DESCRIPTION<\/th>\n<\/tr>\n<\/thead>\n<tbody>\n<tr>\n<td>MUF 400<\/td>\n<td>Liant \u00e0 r\u00e9sine utilis\u00e9 pour les rev\u00eatements de sol dans les syst\u00e8mes de presse \u00e0 chaud ou \u00e0 haute fr\u00e9quence. Conforme aux sp\u00e9cifications de la norme commerciale SC253-63. Cuisson rapide et faible arc \u00e9lectrique. Fr\u00e9quemment utilis\u00e9 par les fabricants de rev\u00eatements de sol stratifi\u00e9s pour camions et conteneurs dans le monde entier.<\/td>\n<\/tr>\n<tr>\n<td>1-25 Catalyst<\/td>\n<td>Apr\u00e8s avoir \u00e9t\u00e9 m\u00e9lang\u00e9 avec le BTLMU 400, il conserve une dur\u00e9e de vie plus longue tout en entra\u00eenant un temps de prise plus rapide lorsqu&rsquo;il est chauff\u00e9.<\/td>\n<\/tr>\n<tr>\n<td>MUF 1-182<\/td>\n<td>Cette r\u00e9sine MUF, qui ne contient aucune farine de bois, est utilis\u00e9e comme liant dans la production de meules et d\u2019abrasifs.<\/td>\n<\/tr>\n<tr>\n<td>MUF 400PC<\/td>\n<td>R\u00e9sine MUF en poudre, pr\u00e9catalys\u00e9e<\/td>\n<\/tr>\n<\/tbody>\n<\/table>\n[\/mk_table][\/vc_column_inner][\/vc_row_inner][mk_padding_divider size=&raquo;120&Prime;][\/vc_column][\/vc_row][mk_page_section bg_color=&raquo;#0c4b90&Prime; min_height=&raquo;10&Prime; full_width=&raquo;true&raquo; padding_top=&raquo;0&Prime; padding_bottom=&raquo;0&Prime; sidebar=&raquo;sidebar-1&Prime;][vc_column][\/vc_column][\/mk_page_section][mk_page_section bg_image=&raquo;http:\/\/lrbgchemicals.thedev.ca\/wp-content\/uploads\/molecules-opt.jpg&raquo; bg_position=&raquo;center center&raquo; bg_repeat=&raquo;no-repeat&raquo; bg_stretch=&raquo;true&raquo; video_color_mask=&raquo;#0c4b90&Prime; video_opacity=&raquo;0.42&Prime; sidebar=&raquo;sidebar-1&Prime;][vc_column][mk_padding_divider size=&raquo;120&Prime;][vc_row_inner][vc_column_inner width=&raquo;3\/4&Prime;][mk_fancy_title color=&raquo;#ffffff&raquo; size=&raquo;42&Prime; force_font_size=&raquo;true&raquo; size_tablet=&raquo;36&Prime; size_phone=&raquo;28&Prime; line_height=&raquo;95&Prime; font_weight=&raquo;bold&raquo; txt_transform=&raquo;none&raquo; margin_bottom=&raquo;0&Prime; font_family=&raquo;Montserrat&raquo; font_type=&raquo;google&raquo;]Nous pouvons mettre au point des r\u00e9sines particuli\u00e8res pour r\u00e9pondre \u00e0 vos besoins. Nous sommes \u00e0 votre disposition si vous souhaitez obtenir un devis ou des d\u00e9tails sur nos r\u00e9sines.[\/mk_fancy_title][\/vc_column_inner][vc_column_inner width=&raquo;1\/4&Prime;][mk_button dimension=&raquo;flat&raquo; size=&raquo;x-large&raquo; url=&raquo;\/fr\/nous-joindre\/&raquo; align=&raquo;right&raquo; bg_color=&raquo;#00984d&raquo; btn_hover_bg=&raquo;#ffffff&raquo; btn_hover_txt_color=&raquo;#00984d&raquo;]Contactez-nous[\/mk_button][\/vc_column_inner][\/vc_row_inner][mk_padding_divider size=&raquo;120&Prime; visibility=&raquo;hidden-sm&raquo;][\/vc_column][\/mk_page_section]\n<\/div>","protected":false},"excerpt":{"rendered":"<p>[mk_page_section bg_image=&raquo;http:\/\/lrbgchemicals.thedev.ca\/wp-content\/uploads\/melamine-resin-opt.jpg&raquo; bg_color=&raquo;#000000&Prime; bg_repeat=&raquo;no-repeat&raquo; bg_stretch=&raquo;true&raquo; video_opacity=&raquo;0&Prime; js_vertical_centered=&raquo;true&raquo; padding_top=&raquo;0&Prime; padding_bottom=&raquo;140&Prime; sidebar=&raquo;sidebar-1&Prime;][vc_column width=&raquo;5\/6&Prime;][mk_padding_divider size=&raquo;60&Prime; visibility=&raquo;visible-sm&raquo;][mk_padding_divider size=&raquo;130&Prime; visibility=&raquo;hidden-sm&raquo;][mk_custom_box padding_horizental=&raquo;30&Prime; margin_bottom=&raquo;0&Prime; bg_color=&raquo;rgba(0,0,0,0.66)&raquo;][mk_fancy_title tag_name=&raquo;h5&Prime; color=&raquo;#ffffff&raquo; size=&raquo;24&Prime; line_height=&raquo;90&Prime; font_weight=&raquo;400&Prime; txt_transform=&raquo;uppercase&raquo; margin_bottom=&raquo;0&Prime; font_family=&raquo;Montserrat&raquo; font_type=&raquo;google&raquo;]Lorsqu&rsquo;une r\u00e9sistance suppl\u00e9mentaire de la ligne de colle est n\u00e9cessaire,[\/mk_fancy_title][mk_fancy_title color=&raquo;#ffffff&raquo; size=&raquo;56&Prime; force_font_size=&raquo;true&raquo; size_tablet=&raquo;45&Prime; size_phone=&raquo;32&Prime; line_height=&raquo;95&Prime; font_weight=&raquo;bold&raquo; txt_transform=&raquo;uppercase&raquo; margin_bottom=&raquo;0&Prime; font_family=&raquo;Montserrat&raquo; font_type=&raquo;google&raquo;]optez pour nos r\u00e9sines m\u00e9lamine-ur\u00e9e en poudre[\/mk_fancy_title][mk_fancy_title tag_name=&raquo;span&raquo; color=&raquo;#ffffff&raquo; [&hellip;]<\/p>\n","protected":false},"author":2,"featured_media":0,"parent":0,"menu_order":0,"comment_status":"closed","ping_status":"closed","template":"","meta":{"footnotes":""},"yoast_head":"<!-- This site is optimized with the Yoast SEO plugin v23.0 - https:\/\/yoast.com\/wordpress\/plugins\/seo\/ -->\n<title>R\u00e9sines m\u00e9lamine-ur\u00e9e en poudre, s\u00e9ch\u00e9es par pulv\u00e9risation | LRBG Chimie<\/title>\n<meta name=\"description\" content=\"Les r\u00e9sines m\u00e9lamine-ur\u00e9e en poudre s\u00e9ch\u00e9es par pulv\u00e9risation de LRBG Chimie sont utilis\u00e9es comme liants pour le bois dans les syst\u00e8mes de presse \u00e0 chaud ou \u00e0 haute fr\u00e9quence. Contactez-nous pour plus de d\u00e9tails.\" \/>\n<meta name=\"robots\" content=\"noindex, follow, max-snippet:-1, max-image-preview:large, max-video-preview:-1\" \/>\n<meta property=\"og:locale\" content=\"fr_CA\" \/>\n<meta property=\"og:type\" content=\"article\" \/>\n<meta property=\"og:title\" content=\"R\u00e9sines m\u00e9lamine-ur\u00e9e en poudre, s\u00e9ch\u00e9es par pulv\u00e9risation | LRBG Chimie\" \/>\n<meta property=\"og:description\" content=\"Les r\u00e9sines m\u00e9lamine-ur\u00e9e en poudre s\u00e9ch\u00e9es par pulv\u00e9risation de LRBG Chimie sont utilis\u00e9es comme liants pour le bois dans les syst\u00e8mes de presse \u00e0 chaud ou \u00e0 haute fr\u00e9quence. Contactez-nous pour plus de d\u00e9tails.\" \/>\n<meta property=\"og:url\" content=\"https:\/\/lrbgchemicals.thedev.ca\/fr\/resines-melamine-uree-en-poudre\/\" \/>\n<meta property=\"og:site_name\" content=\"LRBG Chemicals (USA) Inc.\" \/>\n<meta property=\"article:modified_time\" content=\"2021-03-30T16:38:21+00:00\" \/>\n<meta name=\"twitter:card\" content=\"summary_large_image\" \/>\n<meta name=\"twitter:label1\" content=\"Estimation du temps de lecture\" \/>\n\t<meta name=\"twitter:data1\" content=\"3 minutes\" \/>\n<script type=\"application\/ld+json\" class=\"yoast-schema-graph\">{\"@context\":\"https:\/\/schema.org\",\"@graph\":[{\"@type\":\"WebPage\",\"@id\":\"https:\/\/lrbgchemicals.thedev.ca\/fr\/resines-melamine-uree-en-poudre\/\",\"url\":\"https:\/\/lrbgchemicals.thedev.ca\/fr\/resines-melamine-uree-en-poudre\/\",\"name\":\"R\u00e9sines m\u00e9lamine-ur\u00e9e en poudre, s\u00e9ch\u00e9es par pulv\u00e9risation | LRBG Chimie\",\"isPartOf\":{\"@id\":\"https:\/\/lrbgchemicals.thedev.ca\/#website\"},\"datePublished\":\"2019-12-18T13:28:16+00:00\",\"dateModified\":\"2021-03-30T16:38:21+00:00\",\"description\":\"Les r\u00e9sines m\u00e9lamine-ur\u00e9e en poudre s\u00e9ch\u00e9es par pulv\u00e9risation de LRBG Chimie sont utilis\u00e9es comme liants pour le bois dans les syst\u00e8mes de presse \u00e0 chaud ou \u00e0 haute fr\u00e9quence. Contactez-nous pour plus de d\u00e9tails.\",\"breadcrumb\":{\"@id\":\"https:\/\/lrbgchemicals.thedev.ca\/fr\/resines-melamine-uree-en-poudre\/#breadcrumb\"},\"inLanguage\":\"fr-CA\",\"potentialAction\":[{\"@type\":\"ReadAction\",\"target\":[\"https:\/\/lrbgchemicals.thedev.ca\/fr\/resines-melamine-uree-en-poudre\/\"]}]},{\"@type\":\"BreadcrumbList\",\"@id\":\"https:\/\/lrbgchemicals.thedev.ca\/fr\/resines-melamine-uree-en-poudre\/#breadcrumb\",\"itemListElement\":[{\"@type\":\"ListItem\",\"position\":1,\"name\":\"Home\",\"item\":\"https:\/\/lrbgchemicals.thedev.ca\/fr\/\"},{\"@type\":\"ListItem\",\"position\":2,\"name\":\"R\u00e9sines m\u00e9lamine-ur\u00e9e (MUF)\"}]},{\"@type\":\"WebSite\",\"@id\":\"https:\/\/lrbgchemicals.thedev.ca\/#website\",\"url\":\"https:\/\/lrbgchemicals.thedev.ca\/\",\"name\":\"LRBG Chemicals (USA) Inc.\",\"description\":\"\",\"potentialAction\":[{\"@type\":\"SearchAction\",\"target\":{\"@type\":\"EntryPoint\",\"urlTemplate\":\"https:\/\/lrbgchemicals.thedev.ca\/?s={search_term_string}\"},\"query-input\":\"required name=search_term_string\"}],\"inLanguage\":\"fr-CA\"}]}<\/script>\n<!-- \/ Yoast SEO plugin. -->","yoast_head_json":{"title":"R\u00e9sines m\u00e9lamine-ur\u00e9e en poudre, s\u00e9ch\u00e9es par pulv\u00e9risation | LRBG Chimie","description":"Les r\u00e9sines m\u00e9lamine-ur\u00e9e en poudre s\u00e9ch\u00e9es par pulv\u00e9risation de LRBG Chimie sont utilis\u00e9es comme liants pour le bois dans les syst\u00e8mes de presse \u00e0 chaud ou \u00e0 haute fr\u00e9quence. Contactez-nous pour plus de d\u00e9tails.","robots":{"index":"noindex","follow":"follow","max-snippet":"max-snippet:-1","max-image-preview":"max-image-preview:large","max-video-preview":"max-video-preview:-1"},"og_locale":"fr_CA","og_type":"article","og_title":"R\u00e9sines m\u00e9lamine-ur\u00e9e en poudre, s\u00e9ch\u00e9es par pulv\u00e9risation | LRBG Chimie","og_description":"Les r\u00e9sines m\u00e9lamine-ur\u00e9e en poudre s\u00e9ch\u00e9es par pulv\u00e9risation de LRBG Chimie sont utilis\u00e9es comme liants pour le bois dans les syst\u00e8mes de presse \u00e0 chaud ou \u00e0 haute fr\u00e9quence. Contactez-nous pour plus de d\u00e9tails.","og_url":"https:\/\/lrbgchemicals.thedev.ca\/fr\/resines-melamine-uree-en-poudre\/","og_site_name":"LRBG Chemicals (USA) Inc.","article_modified_time":"2021-03-30T16:38:21+00:00","twitter_card":"summary_large_image","twitter_misc":{"Estimation du temps de lecture":"3 minutes"},"schema":{"@context":"https:\/\/schema.org","@graph":[{"@type":"WebPage","@id":"https:\/\/lrbgchemicals.thedev.ca\/fr\/resines-melamine-uree-en-poudre\/","url":"https:\/\/lrbgchemicals.thedev.ca\/fr\/resines-melamine-uree-en-poudre\/","name":"R\u00e9sines m\u00e9lamine-ur\u00e9e en poudre, s\u00e9ch\u00e9es par pulv\u00e9risation | LRBG Chimie","isPartOf":{"@id":"https:\/\/lrbgchemicals.thedev.ca\/#website"},"datePublished":"2019-12-18T13:28:16+00:00","dateModified":"2021-03-30T16:38:21+00:00","description":"Les r\u00e9sines m\u00e9lamine-ur\u00e9e en poudre s\u00e9ch\u00e9es par pulv\u00e9risation de LRBG Chimie sont utilis\u00e9es comme liants pour le bois dans les syst\u00e8mes de presse \u00e0 chaud ou \u00e0 haute fr\u00e9quence. Contactez-nous pour plus de d\u00e9tails.","breadcrumb":{"@id":"https:\/\/lrbgchemicals.thedev.ca\/fr\/resines-melamine-uree-en-poudre\/#breadcrumb"},"inLanguage":"fr-CA","potentialAction":[{"@type":"ReadAction","target":["https:\/\/lrbgchemicals.thedev.ca\/fr\/resines-melamine-uree-en-poudre\/"]}]},{"@type":"BreadcrumbList","@id":"https:\/\/lrbgchemicals.thedev.ca\/fr\/resines-melamine-uree-en-poudre\/#breadcrumb","itemListElement":[{"@type":"ListItem","position":1,"name":"Home","item":"https:\/\/lrbgchemicals.thedev.ca\/fr\/"},{"@type":"ListItem","position":2,"name":"R\u00e9sines m\u00e9lamine-ur\u00e9e (MUF)"}]},{"@type":"WebSite","@id":"https:\/\/lrbgchemicals.thedev.ca\/#website","url":"https:\/\/lrbgchemicals.thedev.ca\/","name":"LRBG Chemicals (USA) Inc.","description":"","potentialAction":[{"@type":"SearchAction","target":{"@type":"EntryPoint","urlTemplate":"https:\/\/lrbgchemicals.thedev.ca\/?s={search_term_string}"},"query-input":"required name=search_term_string"}],"inLanguage":"fr-CA"}]}},"_links":{"self":[{"href":"https:\/\/lrbgchemicals.thedev.ca\/fr\/wp-json\/wp\/v2\/pages\/5795"}],"collection":[{"href":"https:\/\/lrbgchemicals.thedev.ca\/fr\/wp-json\/wp\/v2\/pages"}],"about":[{"href":"https:\/\/lrbgchemicals.thedev.ca\/fr\/wp-json\/wp\/v2\/types\/page"}],"author":[{"embeddable":true,"href":"https:\/\/lrbgchemicals.thedev.ca\/fr\/wp-json\/wp\/v2\/users\/2"}],"replies":[{"embeddable":true,"href":"https:\/\/lrbgchemicals.thedev.ca\/fr\/wp-json\/wp\/v2\/comments?post=5795"}],"version-history":[{"count":4,"href":"https:\/\/lrbgchemicals.thedev.ca\/fr\/wp-json\/wp\/v2\/pages\/5795\/revisions"}],"predecessor-version":[{"id":5945,"href":"https:\/\/lrbgchemicals.thedev.ca\/fr\/wp-json\/wp\/v2\/pages\/5795\/revisions\/5945"}],"wp:attachment":[{"href":"https:\/\/lrbgchemicals.thedev.ca\/fr\/wp-json\/wp\/v2\/media?parent=5795"}],"curies":[{"name":"wp","href":"https:\/\/api.w.org\/{rel}","templated":true}]}}