{"id":5802,"date":"2020-03-05T19:14:47","date_gmt":"2020-03-05T14:14:47","guid":{"rendered":"https:\/\/lrbgchemicals.com\/our-team\/"},"modified":"2024-06-27T11:11:10","modified_gmt":"2024-06-27T16:11:10","slug":"notre-equipe","status":"publish","type":"page","link":"https:\/\/lrbgchemicals.thedev.ca\/fr\/notre-equipe\/","title":{"rendered":"Notre \u00e9quipe"},"content":{"rendered":"<div class=\"wpb-content-wrapper\">[mk_page_section bg_image=&raquo;http:\/\/lrbgchemicals.thedev.ca\/wp-content\/uploads\/molecules-opt.jpg&raquo; bg_color=&raquo;#000000&Prime; bg_position=&raquo;center center&raquo; bg_repeat=&raquo;no-repeat&raquo; bg_stretch=&raquo;true&raquo; video_color_mask=&raquo;#073170&Prime; video_opacity=&raquo;0.5&Prime; js_vertical_centered=&raquo;true&raquo; padding_top=&raquo;0&Prime; padding_bottom=&raquo;140&Prime; sidebar=&raquo;sidebar-1&Prime;][vc_column][mk_padding_divider size=&raquo;160&Prime; visibility=&raquo;hidden-sm&raquo;][mk_padding_divider size=&raquo;50&Prime;][mk_fancy_title tag_name=&raquo;h5&Prime; color=&raquo;#ffffff&raquo; size=&raquo;24&Prime; line_height=&raquo;99&Prime; font_weight=&raquo;400&Prime; txt_transform=&raquo;uppercase&raquo; margin_bottom=&raquo;0&Prime; font_family=&raquo;Montserrat&raquo; font_type=&raquo;google&raquo;]<span style=\"font-weight: 400;\">Vous voulez collaborer avec une \u00e9quipe exp\u00e9riment\u00e9e qui prend le temps de bien faire les choses?<\/span>[\/mk_fancy_title][mk_fancy_title tag_name=&raquo;span&raquo; color=&raquo;#ffffff&raquo; size=&raquo;46&Prime; force_font_size=&raquo;true&raquo; size_tablet=&raquo;36&Prime; size_phone=&raquo;30&Prime; line_height=&raquo;95&Prime; font_weight=&raquo;bold&raquo; txt_transform=&raquo;uppercase&raquo; margin_bottom=&raquo;0&Prime; font_family=&raquo;Montserrat&raquo; font_type=&raquo;google&raquo; drop_shadow=&raquo;true&raquo; shadow_angle=&raquo;0&Prime; shadow_distance=&raquo;0&Prime; shadow_color=&raquo;#00245e&raquo;]Une \u00e9quipe de professionnels poss\u00e9dant<br \/>\nune vaste exp\u00e9rience et la volont\u00e9 de<br \/>\n<span style=\"color: #00984d;\">toujours bien faire les choses.<\/span>[\/mk_fancy_title][mk_fancy_title tag_name=&raquo;span&raquo; color=&raquo;#ffffff&raquo; size=&raquo;20&Prime; font_weight=&raquo;400&Prime; txt_transform=&raquo;none&raquo; margin_bottom=&raquo;0&Prime; font_family=&raquo;Montserrat&raquo; font_type=&raquo;google&raquo;]Nous avons le savoir-faire, l&rsquo;exp\u00e9rience et la formation n\u00e9cessaires pour r\u00e9pondre ad\u00e9quatement \u00e0 vos demandes.[\/mk_fancy_title][mk_button dimension=&raquo;flat&raquo; size=&raquo;large&raquo; url=&raquo;\/fr\/nous-joindre\/&raquo; margin_top=&raquo;15&Prime; animation=&raquo;fade-in&raquo; bg_color=&raquo;#00984d&raquo; btn_hover_bg=&raquo;#ffffff&raquo; btn_hover_txt_color=&raquo;#00984d&raquo;]Contactez notre \u00e9quipe[\/mk_button][\/vc_column][\/mk_page_section][mk_page_section bg_image=&raquo;http:\/\/lrbgchemicals.thedev.ca\/wp-content\/uploads\/bg-blue-formaldehyde-opt-resized2.jpg&raquo; bg_repeat=&raquo;no-repeat&raquo; bg_stretch=&raquo;true&raquo; enable_3d=&raquo;true&raquo; bg_gradient=&raquo;vertical&raquo; video_color_mask=&raquo;rgba(255,255,255,0)&raquo; gr_end=&raquo;#ffffff&raquo; video_opacity=&raquo;1&Prime; sidebar=&raquo;sidebar-1&Prime;][vc_column css=&raquo;.vc_custom_1576010790434{background-position: center !important;background-repeat: no-repeat !important;background-size: contain !important;}&raquo;][mk_padding_divider size=&raquo;120&Prime; visibility=&raquo;hidden-sm&raquo;][vc_row_inner][vc_column_inner width=&raquo;1\/3&Prime;][\/vc_column_inner][vc_column_inner width=&raquo;2\/3&Prime;][mk_fancy_title tag_name=&raquo;h1&Prime; color=&raquo;#00984d&raquo; size=&raquo;42&Prime; force_font_size=&raquo;true&raquo; size_tablet=&raquo;36&Prime; size_phone=&raquo;28&Prime; line_height=&raquo;95&Prime; font_weight=&raquo;bold&raquo; txt_transform=&raquo;none&raquo; margin_bottom=&raquo;0&Prime; font_family=&raquo;Montserrat&raquo; font_type=&raquo;google&raquo;]<span style=\"font-weight: 400;\">Une \u00e9quipe de dirigeants poss\u00e9dant l\u2019exp\u00e9rience pratique qui fait la diff\u00e9rence<\/span>[\/mk_fancy_title][\/vc_column_inner][\/vc_row_inner][mk_padding_divider size=&raquo;60&Prime;][\/vc_column][\/mk_page_section][vc_row fullwidth=&raquo;true&raquo; fullwidth_content=&raquo;false&raquo; css=&raquo;.vc_custom_1576005412346{background-color: #00984d !important;}&raquo;][vc_column css=&raquo;.vc_custom_1585930785026{margin-right: 30px !important;margin-left: 30px !important;}&raquo;][mk_padding_divider size=&raquo;60&Prime;][mk_fancy_title tag_name=&raquo;h5&Prime; color=&raquo;#ffffff&raquo; size=&raquo;24&Prime; line_height=&raquo;90&Prime; font_weight=&raquo;400&Prime; txt_transform=&raquo;uppercase&raquo; margin_bottom=&raquo;0&Prime; font_family=&raquo;Montserrat&raquo; font_type=&raquo;google&raquo; align=&raquo;center&raquo;]Mettez-nous \u00e0 l&rsquo;essai.[\/mk_fancy_title][mk_fancy_title color=&raquo;#ffffff&raquo; size=&raquo;42&Prime; force_font_size=&raquo;true&raquo; size_tablet=&raquo;36&Prime; size_phone=&raquo;28&Prime; line_height=&raquo;95&Prime; font_weight=&raquo;bold&raquo; txt_transform=&raquo;none&raquo; margin_bottom=&raquo;0&Prime; font_family=&raquo;Montserrat&raquo; font_type=&raquo;google&raquo; align=&raquo;center&raquo;]Nous voulons vous conna\u00eetre. Si vous avez un d\u00e9fi \u00e0 nous proposer, tant mieux! Nous aimons ce que nous faisons, connaissons notre secteur d\u2019activit\u00e9 et adorons mettre au point des solutions efficaces. Contactez-nous pour en savoir plus et discuter avec nous.[\/mk_fancy_title][mk_button dimension=&raquo;flat&raquo; size=&raquo;large&raquo; url=&raquo;\/fr\/nous-joindre\/&raquo; align=&raquo;center&raquo; margin_top=&raquo;15&Prime; animation=&raquo;fade-in&raquo; bg_color=&raquo;#0c4b90&Prime; btn_hover_bg=&raquo;#ffffff&raquo; btn_hover_txt_color=&raquo;#000000&Prime;]Contactez-nous pour explorer et discuter[\/mk_button][mk_padding_divider size=&raquo;60&Prime;][\/vc_column][\/vc_row]\n<\/div>","protected":false},"excerpt":{"rendered":"<p>[mk_page_section bg_image=&raquo;http:\/\/lrbgchemicals.thedev.ca\/wp-content\/uploads\/molecules-opt.jpg&raquo; bg_color=&raquo;#000000&Prime; bg_position=&raquo;center center&raquo; bg_repeat=&raquo;no-repeat&raquo; bg_stretch=&raquo;true&raquo; video_color_mask=&raquo;#073170&Prime; video_opacity=&raquo;0.5&Prime; js_vertical_centered=&raquo;true&raquo; padding_top=&raquo;0&Prime; padding_bottom=&raquo;140&Prime; sidebar=&raquo;sidebar-1&Prime;][vc_column][mk_padding_divider size=&raquo;160&Prime; visibility=&raquo;hidden-sm&raquo;][mk_padding_divider size=&raquo;50&Prime;][mk_fancy_title tag_name=&raquo;h5&Prime; color=&raquo;#ffffff&raquo; size=&raquo;24&Prime; line_height=&raquo;99&Prime; font_weight=&raquo;400&Prime; txt_transform=&raquo;uppercase&raquo; margin_bottom=&raquo;0&Prime; font_family=&raquo;Montserrat&raquo; font_type=&raquo;google&raquo;]Vous voulez collaborer avec une \u00e9quipe exp\u00e9riment\u00e9e qui prend le temps de bien faire les choses?[\/mk_fancy_title][mk_fancy_title tag_name=&raquo;span&raquo; color=&raquo;#ffffff&raquo; size=&raquo;46&Prime; force_font_size=&raquo;true&raquo; size_tablet=&raquo;36&Prime; size_phone=&raquo;30&Prime; line_height=&raquo;95&Prime; font_weight=&raquo;bold&raquo; txt_transform=&raquo;uppercase&raquo; margin_bottom=&raquo;0&Prime; font_family=&raquo;Montserrat&raquo; font_type=&raquo;google&raquo; drop_shadow=&raquo;true&raquo; shadow_angle=&raquo;0&Prime; shadow_distance=&raquo;0&Prime; [&hellip;]<\/p>\n","protected":false},"author":2,"featured_media":0,"parent":0,"menu_order":0,"comment_status":"closed","ping_status":"closed","template":"","meta":{"footnotes":""},"yoast_head":"<!-- This site is optimized with the Yoast SEO plugin v23.0 - https:\/\/yoast.com\/wordpress\/plugins\/seo\/ -->\n<title>Des r\u00e9sines de qualit\u00e9 sup\u00e9rieure fabriqu\u00e9es avec exp\u00e9rience et comp\u00e9tence | LRBG Chimie<\/title>\n<meta name=\"description\" content=\"LRBG Chimie emploie un groupe de professionnels chevronn\u00e9s et de jeunes enthousiastes qui veulent vous impressionner en vous fournissant le produit parfait. Lancez-nous un d\u00e9fi; nous sommes \u00e0 la hauteur de la t\u00e2che.\" \/>\n<meta name=\"robots\" content=\"noindex, follow, max-snippet:-1, max-image-preview:large, max-video-preview:-1\" \/>\n<meta property=\"og:locale\" content=\"fr_CA\" \/>\n<meta property=\"og:type\" content=\"article\" \/>\n<meta property=\"og:title\" content=\"Des r\u00e9sines de qualit\u00e9 sup\u00e9rieure fabriqu\u00e9es avec exp\u00e9rience et comp\u00e9tence | LRBG Chimie\" \/>\n<meta property=\"og:description\" content=\"LRBG Chimie emploie un groupe de professionnels chevronn\u00e9s et de jeunes enthousiastes qui veulent vous impressionner en vous fournissant le produit parfait. Lancez-nous un d\u00e9fi; nous sommes \u00e0 la hauteur de la t\u00e2che.\" \/>\n<meta property=\"og:url\" content=\"https:\/\/lrbgchemicals.thedev.ca\/fr\/notre-equipe\/\" \/>\n<meta property=\"og:site_name\" content=\"LRBG Chemicals (USA) Inc.\" \/>\n<meta property=\"article:modified_time\" content=\"2024-06-27T16:11:10+00:00\" \/>\n<meta name=\"twitter:card\" content=\"summary_large_image\" \/>\n<meta name=\"twitter:label1\" content=\"Estimation du temps de lecture\" \/>\n\t<meta name=\"twitter:data1\" content=\"2 minutes\" \/>\n<script type=\"application\/ld+json\" class=\"yoast-schema-graph\">{\"@context\":\"https:\/\/schema.org\",\"@graph\":[{\"@type\":\"WebPage\",\"@id\":\"https:\/\/lrbgchemicals.thedev.ca\/fr\/notre-equipe\/\",\"url\":\"https:\/\/lrbgchemicals.thedev.ca\/fr\/notre-equipe\/\",\"name\":\"Des r\u00e9sines de qualit\u00e9 sup\u00e9rieure fabriqu\u00e9es avec exp\u00e9rience et comp\u00e9tence | LRBG Chimie\",\"isPartOf\":{\"@id\":\"https:\/\/lrbgchemicals.thedev.ca\/#website\"},\"datePublished\":\"2020-03-05T14:14:47+00:00\",\"dateModified\":\"2024-06-27T16:11:10+00:00\",\"description\":\"LRBG Chimie emploie un groupe de professionnels chevronn\u00e9s et de jeunes enthousiastes qui veulent vous impressionner en vous fournissant le produit parfait. Lancez-nous un d\u00e9fi; nous sommes \u00e0 la hauteur de la t\u00e2che.\",\"breadcrumb\":{\"@id\":\"https:\/\/lrbgchemicals.thedev.ca\/fr\/notre-equipe\/#breadcrumb\"},\"inLanguage\":\"fr-CA\",\"potentialAction\":[{\"@type\":\"ReadAction\",\"target\":[\"https:\/\/lrbgchemicals.thedev.ca\/fr\/notre-equipe\/\"]}]},{\"@type\":\"BreadcrumbList\",\"@id\":\"https:\/\/lrbgchemicals.thedev.ca\/fr\/notre-equipe\/#breadcrumb\",\"itemListElement\":[{\"@type\":\"ListItem\",\"position\":1,\"name\":\"Home\",\"item\":\"https:\/\/lrbgchemicals.thedev.ca\/fr\/\"},{\"@type\":\"ListItem\",\"position\":2,\"name\":\"Notre \u00e9quipe\"}]},{\"@type\":\"WebSite\",\"@id\":\"https:\/\/lrbgchemicals.thedev.ca\/#website\",\"url\":\"https:\/\/lrbgchemicals.thedev.ca\/\",\"name\":\"LRBG Chemicals (USA) Inc.\",\"description\":\"\",\"potentialAction\":[{\"@type\":\"SearchAction\",\"target\":{\"@type\":\"EntryPoint\",\"urlTemplate\":\"https:\/\/lrbgchemicals.thedev.ca\/?s={search_term_string}\"},\"query-input\":\"required name=search_term_string\"}],\"inLanguage\":\"fr-CA\"}]}<\/script>\n<!-- \/ Yoast SEO plugin. -->","yoast_head_json":{"title":"Des r\u00e9sines de qualit\u00e9 sup\u00e9rieure fabriqu\u00e9es avec exp\u00e9rience et comp\u00e9tence | LRBG Chimie","description":"LRBG Chimie emploie un groupe de professionnels chevronn\u00e9s et de jeunes enthousiastes qui veulent vous impressionner en vous fournissant le produit parfait. Lancez-nous un d\u00e9fi; nous sommes \u00e0 la hauteur de la t\u00e2che.","robots":{"index":"noindex","follow":"follow","max-snippet":"max-snippet:-1","max-image-preview":"max-image-preview:large","max-video-preview":"max-video-preview:-1"},"og_locale":"fr_CA","og_type":"article","og_title":"Des r\u00e9sines de qualit\u00e9 sup\u00e9rieure fabriqu\u00e9es avec exp\u00e9rience et comp\u00e9tence | LRBG Chimie","og_description":"LRBG Chimie emploie un groupe de professionnels chevronn\u00e9s et de jeunes enthousiastes qui veulent vous impressionner en vous fournissant le produit parfait. Lancez-nous un d\u00e9fi; nous sommes \u00e0 la hauteur de la t\u00e2che.","og_url":"https:\/\/lrbgchemicals.thedev.ca\/fr\/notre-equipe\/","og_site_name":"LRBG Chemicals (USA) Inc.","article_modified_time":"2024-06-27T16:11:10+00:00","twitter_card":"summary_large_image","twitter_misc":{"Estimation du temps de lecture":"2 minutes"},"schema":{"@context":"https:\/\/schema.org","@graph":[{"@type":"WebPage","@id":"https:\/\/lrbgchemicals.thedev.ca\/fr\/notre-equipe\/","url":"https:\/\/lrbgchemicals.thedev.ca\/fr\/notre-equipe\/","name":"Des r\u00e9sines de qualit\u00e9 sup\u00e9rieure fabriqu\u00e9es avec exp\u00e9rience et comp\u00e9tence | LRBG Chimie","isPartOf":{"@id":"https:\/\/lrbgchemicals.thedev.ca\/#website"},"datePublished":"2020-03-05T14:14:47+00:00","dateModified":"2024-06-27T16:11:10+00:00","description":"LRBG Chimie emploie un groupe de professionnels chevronn\u00e9s et de jeunes enthousiastes qui veulent vous impressionner en vous fournissant le produit parfait. Lancez-nous un d\u00e9fi; nous sommes \u00e0 la hauteur de la t\u00e2che.","breadcrumb":{"@id":"https:\/\/lrbgchemicals.thedev.ca\/fr\/notre-equipe\/#breadcrumb"},"inLanguage":"fr-CA","potentialAction":[{"@type":"ReadAction","target":["https:\/\/lrbgchemicals.thedev.ca\/fr\/notre-equipe\/"]}]},{"@type":"BreadcrumbList","@id":"https:\/\/lrbgchemicals.thedev.ca\/fr\/notre-equipe\/#breadcrumb","itemListElement":[{"@type":"ListItem","position":1,"name":"Home","item":"https:\/\/lrbgchemicals.thedev.ca\/fr\/"},{"@type":"ListItem","position":2,"name":"Notre \u00e9quipe"}]},{"@type":"WebSite","@id":"https:\/\/lrbgchemicals.thedev.ca\/#website","url":"https:\/\/lrbgchemicals.thedev.ca\/","name":"LRBG Chemicals (USA) Inc.","description":"","potentialAction":[{"@type":"SearchAction","target":{"@type":"EntryPoint","urlTemplate":"https:\/\/lrbgchemicals.thedev.ca\/?s={search_term_string}"},"query-input":"required name=search_term_string"}],"inLanguage":"fr-CA"}]}},"_links":{"self":[{"href":"https:\/\/lrbgchemicals.thedev.ca\/fr\/wp-json\/wp\/v2\/pages\/5802"}],"collection":[{"href":"https:\/\/lrbgchemicals.thedev.ca\/fr\/wp-json\/wp\/v2\/pages"}],"about":[{"href":"https:\/\/lrbgchemicals.thedev.ca\/fr\/wp-json\/wp\/v2\/types\/page"}],"author":[{"embeddable":true,"href":"https:\/\/lrbgchemicals.thedev.ca\/fr\/wp-json\/wp\/v2\/users\/2"}],"replies":[{"embeddable":true,"href":"https:\/\/lrbgchemicals.thedev.ca\/fr\/wp-json\/wp\/v2\/comments?post=5802"}],"version-history":[{"count":10,"href":"https:\/\/lrbgchemicals.thedev.ca\/fr\/wp-json\/wp\/v2\/pages\/5802\/revisions"}],"predecessor-version":[{"id":6362,"href":"https:\/\/lrbgchemicals.thedev.ca\/fr\/wp-json\/wp\/v2\/pages\/5802\/revisions\/6362"}],"wp:attachment":[{"href":"https:\/\/lrbgchemicals.thedev.ca\/fr\/wp-json\/wp\/v2\/media?parent=5802"}],"curies":[{"name":"wp","href":"https:\/\/api.w.org\/{rel}","templated":true}]}}