{"id":5806,"date":"2019-12-11T02:08:30","date_gmt":"2019-12-10T21:08:30","guid":{"rendered":"https:\/\/lrbgchemicals.com\/powdered-resins\/"},"modified":"2021-03-30T11:17:10","modified_gmt":"2021-03-30T16:17:10","slug":"resines-en-poudre","status":"publish","type":"page","link":"https:\/\/lrbgchemicals.thedev.ca\/fr\/resines-en-poudre\/","title":{"rendered":"R\u00e9sines en poudre"},"content":{"rendered":"<div class=\"wpb-content-wrapper\">[mk_page_section bg_image=&raquo;http:\/\/lrbgchemicals.thedev.ca\/wp-content\/uploads\/process-opt.jpg&raquo; bg_color=&raquo;#000000&Prime; bg_repeat=&raquo;no-repeat&raquo; bg_stretch=&raquo;true&raquo; bg_gradient=&raquo;horizontal&raquo; video_color_mask=&raquo;rgba(7,49,112,0.38)&raquo; gr_end=&raquo;#073170&Prime; video_opacity=&raquo;1&Prime; js_vertical_centered=&raquo;true&raquo; padding_top=&raquo;0&Prime; padding_bottom=&raquo;140&Prime; sidebar=&raquo;sidebar-1&Prime;][vc_column][mk_padding_divider size=&raquo;160&Prime; visibility=&raquo;hidden-sm&raquo;][mk_padding_divider size=&raquo;100&Prime;][mk_fancy_title tag_name=&raquo;h5&Prime; color=&raquo;#ffffff&raquo; size=&raquo;24&Prime; line_height=&raquo;90&Prime; font_weight=&raquo;400&Prime; txt_transform=&raquo;uppercase&raquo; margin_bottom=&raquo;0&Prime; font_family=&raquo;Montserrat&raquo; font_type=&raquo;google&raquo; align=&raquo;right&raquo;]Augmentez votre productivit\u00e9[\/mk_fancy_title][mk_fancy_title color=&raquo;#ffffff&raquo; size=&raquo;56&Prime; force_font_size=&raquo;true&raquo; size_tablet=&raquo;45&Prime; size_phone=&raquo;32&Prime; line_height=&raquo;95&Prime; font_weight=&raquo;bold&raquo; txt_transform=&raquo;uppercase&raquo; margin_bottom=&raquo;0&Prime; font_family=&raquo;Montserrat&raquo; font_type=&raquo;google&raquo; align=&raquo;right&raquo; drop_shadow=&raquo;true&raquo; shadow_angle=&raquo;0&Prime; shadow_distance=&raquo;0&Prime; shadow_color=&raquo;#00245e&raquo;]Avantages de l\u2019utilisation<br \/>\n<span style=\"color: #00984d;\">des r\u00e9sines en poudre<\/span>[\/mk_fancy_title][mk_fancy_title tag_name=&raquo;span&raquo; color=&raquo;#ffffff&raquo; size=&raquo;20&Prime; font_weight=&raquo;400&Prime; txt_transform=&raquo;none&raquo; margin_bottom=&raquo;0&Prime; font_family=&raquo;Montserrat&raquo; font_type=&raquo;google&raquo; align=&raquo;right&raquo;]Nos clients comptent sur nous pour les aider \u00e0 r\u00e9duire leurs frais d\u2019exploitation.[\/mk_fancy_title][mk_button dimension=&raquo;flat&raquo; size=&raquo;large&raquo; url=&raquo;\/fr\/nous-joindre\/&raquo; align=&raquo;right&raquo; margin_top=&raquo;15&Prime; animation=&raquo;fade-in&raquo; bg_color=&raquo;#00984d&raquo; btn_hover_bg=&raquo;#ffffff&raquo; btn_hover_txt_color=&raquo;#00984d&raquo;]Demandez-nous comment nous pouvons vous aider[\/mk_button][\/vc_column][\/mk_page_section][mk_page_section bg_image=&raquo;http:\/\/lrbgchemicals.thedev.ca\/wp-content\/uploads\/bg-blue-formaldehyde-opt-resized2.jpg&raquo; bg_repeat=&raquo;no-repeat&raquo; bg_stretch=&raquo;true&raquo; enable_3d=&raquo;true&raquo; bg_gradient=&raquo;vertical&raquo; video_color_mask=&raquo;rgba(255,255,255,0)&raquo; gr_end=&raquo;#ffffff&raquo; video_opacity=&raquo;1&Prime; sidebar=&raquo;sidebar-1&Prime;][vc_column css=&raquo;.vc_custom_1576010790434{background-position: center !important;background-repeat: no-repeat !important;background-size: contain !important;}&raquo;][mk_padding_divider size=&raquo;120&Prime;][vc_row_inner][vc_column_inner width=&raquo;1\/3&Prime;][vc_single_image image=&raquo;5032&Prime; img_size=&raquo;800&#215;600&Prime;][\/vc_column_inner][vc_column_inner width=&raquo;2\/3&Prime;][mk_fancy_title tag_name=&raquo;h1&Prime; color=&raquo;#0c4b90&Prime; size=&raquo;42&Prime; force_font_size=&raquo;true&raquo; size_tablet=&raquo;36&Prime; size_phone=&raquo;28&Prime; line_height=&raquo;95&Prime; font_weight=&raquo;bold&raquo; txt_transform=&raquo;none&raquo; margin_bottom=&raquo;0&Prime; font_family=&raquo;Montserrat&raquo; font_type=&raquo;google&raquo;]Valeur des r\u00e9sines en poudre[\/mk_fancy_title][vc_column_text disable_pattern=&raquo;false&raquo; css=&raquo;.vc_custom_1616803806927{margin-bottom: 0px !important;}&raquo;]Nos clients savent que la valeur ne se limite pas au prix d&rsquo;achat d&rsquo;un produit. Ils font appel \u00e0 nous pour les aider \u00e0 r\u00e9duire leurs frais d&rsquo;exploitation. Nous y arrivons en leur fournissant un produit qui augmente l\u2019efficacit\u00e9 des employ\u00e9s et des proc\u00e9d\u00e9s, ce qui se traduit par de meilleurs r\u00e9sultats et une plus grande productivit\u00e9. Notre service \u00e0 la client\u00e8le exceptionnel et personnalis\u00e9 joue aussi un r\u00f4le important dans l\u2019optimisation du rendement.<\/p>\n<p>Cette hausse de productivit\u00e9 d\u00e9coule des avantages li\u00e9s \u00e0 l&rsquo;utilisation de r\u00e9sines en poudre au lieu de r\u00e9sines liquides, notamment:[\/vc_column_text][mk_padding_divider size=&raquo;120&Prime;][\/vc_column_inner][\/vc_row_inner][vc_row_inner][vc_column_inner width=&raquo;1\/3&Prime;][mk_fancy_title tag_name=&raquo;h3&Prime; color=&raquo;#0c4b90&Prime; size=&raquo;27&Prime; font_weight=&raquo;400&Prime; txt_transform=&raquo;capitalize&raquo; margin_bottom=&raquo;15&Prime; font_family=&raquo;Montserrat&raquo; font_type=&raquo;google&raquo;]Pas de gaspillage[\/mk_fancy_title][vc_column_text css=&raquo;.vc_custom_1616803832118{margin-bottom: 0px !important;}&raquo;]Les r\u00e9sines m\u00e9lamine et ur\u00e9e en poudre sont stables, et ont une dur\u00e9e de conservation prolong\u00e9e, c\u2019est-\u00e0-dire entre six mois et un an \u00e0 partir de la date de fabrication. Cette longue dur\u00e9e de conservation signifie qu&rsquo;une compagnie n&rsquo;est pas oblig\u00e9e de commander des quantit\u00e9s exactes de r\u00e9sines, de sorte qu\u2019elle peut faire face \u00e0 des changements inattendus dans les volumes de production avec peu ou pas de gaspillage.<\/p>\n<p>Quand on emploie des r\u00e9sines en poudre, on ne m\u00e9lange que la quantit\u00e9 n\u00e9cessaire pour une utilisation, ce qui entra\u00eene tr\u00e8s peu de gaspillage. En revanche, les restes de r\u00e9sines liquides vieillissent et se d\u00e9t\u00e9riorent rapidement, ce qui entra\u00eene des pertes.[\/vc_column_text][\/vc_column_inner][vc_column_inner width=&raquo;1\/3&Prime;][mk_fancy_title tag_name=&raquo;h3&Prime; color=&raquo;#0c4b90&Prime; size=&raquo;27&Prime; font_weight=&raquo;400&Prime; txt_transform=&raquo;capitalize&raquo; margin_bottom=&raquo;15&Prime; font_family=&raquo;Montserrat&raquo; font_type=&raquo;google&raquo;]Proc\u00e9d\u00e9s efficaces[\/mk_fancy_title][vc_column_text css=&raquo;.vc_custom_1616803850525{margin-bottom: 0px !important;}&raquo;]Les r\u00e9sines en poudre peuvent \u00eatre livr\u00e9es dans diff\u00e9rents emballages, tels que les sacs doubl\u00e9s de poly\u00e9thyl\u00e8ne, les barils en fibre ou les super sacs. Nous pouvons adapter le poids et la taille de nos emballages aux besoins de nos clients en mati\u00e8re de proc\u00e9d\u00e9s. En outre, comme les r\u00e9sines en poudre sont enti\u00e8rement constitu\u00e9es de solides, nos clients ne paient pas pour exp\u00e9dier de l&rsquo;eau, comme ils le feraient s&rsquo;ils utilisaient des r\u00e9sines liquides.[\/vc_column_text][\/vc_column_inner][vc_column_inner width=&raquo;1\/3&Prime;][mk_fancy_title tag_name=&raquo;h3&Prime; color=&raquo;#0c4b90&Prime; size=&raquo;27&Prime; font_weight=&raquo;400&Prime; txt_transform=&raquo;capitalize&raquo; margin_bottom=&raquo;15&Prime; font_family=&raquo;Montserrat&raquo; font_type=&raquo;google&raquo;]Hausse de la productivit\u00e9[\/mk_fancy_title][vc_column_text css=&raquo;.vc_custom_1616803872459{margin-bottom: 0px !important;}&raquo;]\u00c9tant donn\u00e9 que les r\u00e9sines en poudre r\u00e9sistent beaucoup mieux que les r\u00e9sines liquides aux facteurs tels que le vieillissement et les conditions climatiques, les utilisateurs peuvent compter sur l\u2019uniformit\u00e9 et la stabilit\u00e9 de ces r\u00e9sines. Les ajustements de proc\u00e9d\u00e9s sont peu nombreux. Par cons\u00e9quent, les activit\u00e9s n\u00e9cessitant des r\u00e9sines en poudre se d\u00e9roulent de mani\u00e8re fluide et efficace, ce qui permet d&rsquo;obtenir un produit plus fiable et plus efficace.<\/p>\n<p>En cas de d\u00e9versement de r\u00e9sine en poudre, celle-ci est facilement localis\u00e9e, nettoy\u00e9e et \u00e9limin\u00e9e, et le temps d\u2019arr\u00eat est minimal. Par contre, les r\u00e9sines liquides peuvent se r\u00e9pandre rapidement, ce qui entra\u00eene un risque pour l&rsquo;environnement et des temps d&rsquo;arr\u00eat prolong\u00e9s.[\/vc_column_text][\/vc_column_inner][\/vc_row_inner][mk_padding_divider size=&raquo;60&Prime;][\/vc_column][\/mk_page_section][mk_page_section bg_repeat=&raquo;no-repeat&raquo; bg_stretch=&raquo;true&raquo; enable_3d=&raquo;true&raquo; bg_gradient=&raquo;vertical&raquo; video_color_mask=&raquo;rgba(255,255,255,0)&raquo; gr_end=&raquo;#ffffff&raquo; video_opacity=&raquo;1&Prime; padding_bottom=&raquo;120&Prime; sidebar=&raquo;sidebar-1&Prime;][vc_column width=&raquo;1\/3&Prime; css=&raquo;.vc_custom_1576010790434{background-position: center !important;background-repeat: no-repeat !important;background-size: contain !important;}&raquo;][mk_custom_box min_height=&raquo;300&Prime; bg_image=&raquo;http:\/\/lrbgchemicals.thedev.ca\/wp-content\/uploads\/melamine-powdered-resin-application2-opt.jpg&raquo; bg_position=&raquo;right bottom&raquo; bg_stretch=&raquo;true&raquo;][\/mk_custom_box][vc_column_text align=&raquo;center&raquo; css=&raquo;.vc_custom_1616803913801{margin-bottom: 0px !important;}&raquo;]\n<h3>R\u00e9sines m\u00e9lamine en poudre<\/h3>\n<p>Quand la durabilit\u00e9 est importante[\/vc_column_text][mk_button dimension=&raquo;flat&raquo; size=&raquo;medium&raquo; url=&raquo;\/fr\/resines-melamine-en-poudre\/&raquo; align=&raquo;center&raquo; margin_top=&raquo;15&Prime; animation=&raquo;fade-in&raquo; bg_color=&raquo;#0c4b90&Prime; btn_hover_bg=&raquo;#00984d&raquo; btn_hover_txt_color=&raquo;#ffffff&raquo;]D\u00e9tails[\/mk_button][mk_padding_divider size=&raquo;60&Prime; visibility=&raquo;visible-sm&raquo;][\/vc_column][vc_column width=&raquo;1\/3&Prime;][mk_custom_box min_height=&raquo;300&Prime; bg_image=&raquo;http:\/\/lrbgchemicals.thedev.ca\/wp-content\/uploads\/melamine-resin-opt.jpg&raquo; bg_stretch=&raquo;true&raquo;][\/mk_custom_box][vc_column_text align=&raquo;center&raquo; css=&raquo;.vc_custom_1616803947883{margin-bottom: 0px !important;}&raquo;]\n<h3>R\u00e9sines m\u00e9lamine-ur\u00e9e en poudre<\/h3>\n<p>Lorsqu&rsquo;un joint de colle plus r\u00e9sistant est n\u00e9cessaire[\/vc_column_text][mk_button dimension=&raquo;flat&raquo; size=&raquo;medium&raquo; url=&raquo;\/fr\/resines-melamine-uree-en-poudre\/&raquo; align=&raquo;center&raquo; margin_top=&raquo;15&Prime; animation=&raquo;fade-in&raquo; bg_color=&raquo;#0c4b90&Prime; btn_hover_bg=&raquo;#00984d&raquo; btn_hover_txt_color=&raquo;#ffffff&raquo;]D\u00e9tails[\/mk_button][mk_padding_divider size=&raquo;60&Prime; visibility=&raquo;visible-sm&raquo;][\/vc_column][vc_column width=&raquo;1\/3&Prime;][mk_custom_box min_height=&raquo;300&Prime; bg_image=&raquo;http:\/\/lrbgchemicals.thedev.ca\/wp-content\/uploads\/urea-powdered-resin-application-opt.jpg&raquo; bg_stretch=&raquo;true&raquo;][\/mk_custom_box][vc_column_text align=&raquo;center&raquo; css=&raquo;.vc_custom_1616803985468{margin-bottom: 0px !important;}&raquo;]\n<h3>R\u00e9sines ur\u00e9e en poudre<\/h3>\n<p>Adh\u00e9sifs \u00e0 bois \u00e9prouv\u00e9s, utilis\u00e9s dans le monde entier[\/vc_column_text][mk_button dimension=&raquo;flat&raquo; size=&raquo;medium&raquo; url=&raquo;\/fr\/resines-uree-en-poudre\/&raquo; align=&raquo;center&raquo; margin_top=&raquo;15&Prime; animation=&raquo;fade-in&raquo; bg_color=&raquo;#0c4b90&Prime; btn_hover_bg=&raquo;#00984d&raquo; btn_hover_txt_color=&raquo;#ffffff&raquo;]D\u00e9tails[\/mk_button][\/vc_column][\/mk_page_section][vc_row fullwidth=&raquo;true&raquo; css=&raquo;.vc_custom_1576012599431{background-color: #00984d !important;}&raquo;][vc_column][mk_padding_divider size=&raquo;120&Prime;][vc_row_inner][vc_column_inner width=&raquo;1\/6&Prime;][\/vc_column_inner][vc_column_inner width=&raquo;2\/3&Prime;][mk_fancy_title color=&raquo;#ffffff&raquo; size=&raquo;42&Prime; force_font_size=&raquo;true&raquo; size_tablet=&raquo;36&Prime; size_phone=&raquo;28&Prime; line_height=&raquo;95&Prime; font_weight=&raquo;bold&raquo; txt_transform=&raquo;none&raquo; margin_bottom=&raquo;0&Prime; font_family=&raquo;Montserrat&raquo; font_type=&raquo;google&raquo; align=&raquo;center&raquo;]Emballages habituels de nos r\u00e9sines en poudre[\/mk_fancy_title][\/vc_column_inner][vc_column_inner width=&raquo;1\/6&Prime;][\/vc_column_inner][\/vc_row_inner][vc_row_inner][vc_column_inner width=&raquo;1\/12&Prime;][\/vc_column_inner][vc_column_inner width=&raquo;5\/12&Prime;][vc_column_text css=&raquo;.vc_custom_1616804059929{margin-bottom: 0px !important;}&raquo;]<span style=\"color: #ffffff;\"><strong style=\"color: #fff;\">Sceaux<\/strong> \u2013 5 lb et 25 lb<\/span><br \/>\n<span style=\"color: #ffffff;\"><strong style=\"color: #fff;\">Sacs en papier doubl\u00e9s de poly\u00e9thyl\u00e8ne<\/strong> \u2013 44 lb (25 kg) and 50 lb<\/span><br \/>\n<span style=\"color: #ffffff;\"><strong style=\"color: #fff;\">Barils en fibre<\/strong> \u2013 50 lb, 100 lb, 300 lb<\/span><br \/>\n<span style=\"color: #ffffff;\"><strong style=\"color: #fff;\">Sacs en vrac <\/strong> \u2013 500 lb, 1200 lb, 2000 lb<\/span>[\/vc_column_text][\/vc_column_inner][vc_column_inner width=&raquo;5\/12&Prime;][vc_column_text css=&raquo;.vc_custom_1616804082485{margin-bottom: 0px !important;}&raquo;]<span style=\"color: #ffffff;\">Cependant, les possibilit\u00e9s d\u2019emballage des poudres sont infinies. Les sacs en vrac, les barils en fibre, les sacs en papier doubl\u00e9s de poly\u00e9thyl\u00e8ne et les seaux en plastique sont offerts dans toutes les tailles correspondant aux exigences de vos proc\u00e9d\u00e9s. Contactez-nous pour obtenir de plus amples informations sur vos besoins sp\u00e9cifiques en mati\u00e8re d\u2019emballage.<\/span>[\/vc_column_text][\/vc_column_inner][vc_column_inner width=&raquo;1\/12&Prime;][\/vc_column_inner][\/vc_row_inner][mk_padding_divider size=&raquo;60&Prime;][mk_gallery images=&raquo;5024,5153,5028,5030&Prime; column=&raquo;4&Prime; height=&raquo;300&Prime; item_spacing=&raquo;0&Prime; margin_bottom=&raquo;0&Prime; orderby=&raquo;post__in&raquo;][\/vc_column][\/vc_row][mk_page_section bg_color=&raquo;#0c4b90&Prime; min_height=&raquo;10&Prime; full_width=&raquo;true&raquo; padding_top=&raquo;0&Prime; padding_bottom=&raquo;0&Prime; sidebar=&raquo;sidebar-1&Prime;][vc_column][\/vc_column][\/mk_page_section][mk_page_section bg_image=&raquo;http:\/\/lrbgchemicals.thedev.ca\/wp-content\/uploads\/molecules-opt.jpg&raquo; bg_position=&raquo;center center&raquo; bg_repeat=&raquo;no-repeat&raquo; bg_stretch=&raquo;true&raquo; video_color_mask=&raquo;#0c4b90&Prime; video_opacity=&raquo;0.42&Prime; sidebar=&raquo;sidebar-1&Prime;][vc_column][mk_padding_divider size=&raquo;120&Prime;][vc_row_inner][vc_column_inner width=&raquo;3\/4&Prime;][mk_fancy_title color=&raquo;#ffffff&raquo; size=&raquo;42&Prime; force_font_size=&raquo;true&raquo; size_tablet=&raquo;36&Prime; size_phone=&raquo;28&Prime; line_height=&raquo;95&Prime; font_weight=&raquo;bold&raquo; txt_transform=&raquo;none&raquo; margin_bottom=&raquo;0&Prime; font_family=&raquo;Montserrat&raquo; font_type=&raquo;google&raquo;]Vous vous demandez si nos r\u00e9sines en poudre peuvent r\u00e9pondre \u00e0 vos besoins sp\u00e9cifiques?[\/mk_fancy_title][\/vc_column_inner][vc_column_inner width=&raquo;1\/4&Prime;][mk_button dimension=&raquo;flat&raquo; size=&raquo;x-large&raquo; url=&raquo;\/fr\/nous-joindre\/&raquo; align=&raquo;right&raquo; bg_color=&raquo;#00984d&raquo; btn_hover_bg=&raquo;#ffffff&raquo; btn_hover_txt_color=&raquo;#00984d&raquo;]Parlons-en[\/mk_button][\/vc_column_inner][\/vc_row_inner][mk_padding_divider size=&raquo;120&Prime; visibility=&raquo;hidden-sm&raquo;][\/vc_column][\/mk_page_section]\n<\/div>","protected":false},"excerpt":{"rendered":"<p>[mk_page_section bg_image=&raquo;http:\/\/lrbgchemicals.thedev.ca\/wp-content\/uploads\/process-opt.jpg&raquo; bg_color=&raquo;#000000&Prime; bg_repeat=&raquo;no-repeat&raquo; bg_stretch=&raquo;true&raquo; bg_gradient=&raquo;horizontal&raquo; video_color_mask=&raquo;rgba(7,49,112,0.38)&raquo; gr_end=&raquo;#073170&Prime; video_opacity=&raquo;1&Prime; js_vertical_centered=&raquo;true&raquo; padding_top=&raquo;0&Prime; padding_bottom=&raquo;140&Prime; sidebar=&raquo;sidebar-1&Prime;][vc_column][mk_padding_divider size=&raquo;160&Prime; visibility=&raquo;hidden-sm&raquo;][mk_padding_divider size=&raquo;100&Prime;][mk_fancy_title tag_name=&raquo;h5&Prime; color=&raquo;#ffffff&raquo; size=&raquo;24&Prime; line_height=&raquo;90&Prime; font_weight=&raquo;400&Prime; txt_transform=&raquo;uppercase&raquo; margin_bottom=&raquo;0&Prime; font_family=&raquo;Montserrat&raquo; font_type=&raquo;google&raquo; align=&raquo;right&raquo;]Augmentez votre productivit\u00e9[\/mk_fancy_title][mk_fancy_title color=&raquo;#ffffff&raquo; size=&raquo;56&Prime; force_font_size=&raquo;true&raquo; size_tablet=&raquo;45&Prime; size_phone=&raquo;32&Prime; line_height=&raquo;95&Prime; font_weight=&raquo;bold&raquo; txt_transform=&raquo;uppercase&raquo; margin_bottom=&raquo;0&Prime; font_family=&raquo;Montserrat&raquo; font_type=&raquo;google&raquo; align=&raquo;right&raquo; drop_shadow=&raquo;true&raquo; shadow_angle=&raquo;0&Prime; shadow_distance=&raquo;0&Prime; shadow_color=&raquo;#00245e&raquo;]Avantages de l\u2019utilisation des r\u00e9sines en poudre[\/mk_fancy_title][mk_fancy_title tag_name=&raquo;span&raquo; color=&raquo;#ffffff&raquo; size=&raquo;20&Prime; font_weight=&raquo;400&Prime; txt_transform=&raquo;none&raquo; [&hellip;]<\/p>\n","protected":false},"author":2,"featured_media":0,"parent":0,"menu_order":0,"comment_status":"closed","ping_status":"closed","template":"","meta":{"footnotes":""},"yoast_head":"<!-- This site is optimized with the Yoast SEO plugin v23.0 - https:\/\/yoast.com\/wordpress\/plugins\/seo\/ -->\n<title>R\u00e9sines en poudre de qualit\u00e9 sup\u00e9rieure | LRBG Chimie<\/title>\n<meta name=\"description\" content=\"La valeur d&#039;un produit ne se limite pas \u00e0 son prix. Vous comptez sur nous pour r\u00e9duire vos frais d&#039;exploitation, et nos r\u00e9sines en poudre peuvent vous aider. Contactez-nous.\" \/>\n<meta name=\"robots\" content=\"noindex, follow, max-snippet:-1, max-image-preview:large, max-video-preview:-1\" \/>\n<meta property=\"og:locale\" content=\"fr_CA\" \/>\n<meta property=\"og:type\" content=\"article\" \/>\n<meta property=\"og:title\" content=\"R\u00e9sines en poudre de qualit\u00e9 sup\u00e9rieure | LRBG Chimie\" \/>\n<meta property=\"og:description\" content=\"La valeur d&#039;un produit ne se limite pas \u00e0 son prix. Vous comptez sur nous pour r\u00e9duire vos frais d&#039;exploitation, et nos r\u00e9sines en poudre peuvent vous aider. Contactez-nous.\" \/>\n<meta property=\"og:url\" content=\"https:\/\/lrbgchemicals.thedev.ca\/fr\/resines-en-poudre\/\" \/>\n<meta property=\"og:site_name\" content=\"LRBG Chemicals (USA) Inc.\" \/>\n<meta property=\"article:modified_time\" content=\"2021-03-30T16:17:10+00:00\" \/>\n<meta name=\"twitter:card\" content=\"summary_large_image\" \/>\n<meta name=\"twitter:label1\" content=\"Estimation du temps de lecture\" \/>\n\t<meta name=\"twitter:data1\" content=\"4 minutes\" \/>\n<script type=\"application\/ld+json\" class=\"yoast-schema-graph\">{\"@context\":\"https:\/\/schema.org\",\"@graph\":[{\"@type\":\"WebPage\",\"@id\":\"https:\/\/lrbgchemicals.thedev.ca\/fr\/resines-en-poudre\/\",\"url\":\"https:\/\/lrbgchemicals.thedev.ca\/fr\/resines-en-poudre\/\",\"name\":\"R\u00e9sines en poudre de qualit\u00e9 sup\u00e9rieure | LRBG Chimie\",\"isPartOf\":{\"@id\":\"https:\/\/lrbgchemicals.thedev.ca\/#website\"},\"datePublished\":\"2019-12-10T21:08:30+00:00\",\"dateModified\":\"2021-03-30T16:17:10+00:00\",\"description\":\"La valeur d'un produit ne se limite pas \u00e0 son prix. Vous comptez sur nous pour r\u00e9duire vos frais d'exploitation, et nos r\u00e9sines en poudre peuvent vous aider. Contactez-nous.\",\"breadcrumb\":{\"@id\":\"https:\/\/lrbgchemicals.thedev.ca\/fr\/resines-en-poudre\/#breadcrumb\"},\"inLanguage\":\"fr-CA\",\"potentialAction\":[{\"@type\":\"ReadAction\",\"target\":[\"https:\/\/lrbgchemicals.thedev.ca\/fr\/resines-en-poudre\/\"]}]},{\"@type\":\"BreadcrumbList\",\"@id\":\"https:\/\/lrbgchemicals.thedev.ca\/fr\/resines-en-poudre\/#breadcrumb\",\"itemListElement\":[{\"@type\":\"ListItem\",\"position\":1,\"name\":\"Home\",\"item\":\"https:\/\/lrbgchemicals.thedev.ca\/fr\/\"},{\"@type\":\"ListItem\",\"position\":2,\"name\":\"R\u00e9sines en poudre\"}]},{\"@type\":\"WebSite\",\"@id\":\"https:\/\/lrbgchemicals.thedev.ca\/#website\",\"url\":\"https:\/\/lrbgchemicals.thedev.ca\/\",\"name\":\"LRBG Chemicals (USA) Inc.\",\"description\":\"\",\"potentialAction\":[{\"@type\":\"SearchAction\",\"target\":{\"@type\":\"EntryPoint\",\"urlTemplate\":\"https:\/\/lrbgchemicals.thedev.ca\/?s={search_term_string}\"},\"query-input\":\"required name=search_term_string\"}],\"inLanguage\":\"fr-CA\"}]}<\/script>\n<!-- \/ Yoast SEO plugin. -->","yoast_head_json":{"title":"R\u00e9sines en poudre de qualit\u00e9 sup\u00e9rieure | LRBG Chimie","description":"La valeur d'un produit ne se limite pas \u00e0 son prix. Vous comptez sur nous pour r\u00e9duire vos frais d'exploitation, et nos r\u00e9sines en poudre peuvent vous aider. Contactez-nous.","robots":{"index":"noindex","follow":"follow","max-snippet":"max-snippet:-1","max-image-preview":"max-image-preview:large","max-video-preview":"max-video-preview:-1"},"og_locale":"fr_CA","og_type":"article","og_title":"R\u00e9sines en poudre de qualit\u00e9 sup\u00e9rieure | LRBG Chimie","og_description":"La valeur d'un produit ne se limite pas \u00e0 son prix. Vous comptez sur nous pour r\u00e9duire vos frais d'exploitation, et nos r\u00e9sines en poudre peuvent vous aider. Contactez-nous.","og_url":"https:\/\/lrbgchemicals.thedev.ca\/fr\/resines-en-poudre\/","og_site_name":"LRBG Chemicals (USA) Inc.","article_modified_time":"2021-03-30T16:17:10+00:00","twitter_card":"summary_large_image","twitter_misc":{"Estimation du temps de lecture":"4 minutes"},"schema":{"@context":"https:\/\/schema.org","@graph":[{"@type":"WebPage","@id":"https:\/\/lrbgchemicals.thedev.ca\/fr\/resines-en-poudre\/","url":"https:\/\/lrbgchemicals.thedev.ca\/fr\/resines-en-poudre\/","name":"R\u00e9sines en poudre de qualit\u00e9 sup\u00e9rieure | LRBG Chimie","isPartOf":{"@id":"https:\/\/lrbgchemicals.thedev.ca\/#website"},"datePublished":"2019-12-10T21:08:30+00:00","dateModified":"2021-03-30T16:17:10+00:00","description":"La valeur d'un produit ne se limite pas \u00e0 son prix. Vous comptez sur nous pour r\u00e9duire vos frais d'exploitation, et nos r\u00e9sines en poudre peuvent vous aider. Contactez-nous.","breadcrumb":{"@id":"https:\/\/lrbgchemicals.thedev.ca\/fr\/resines-en-poudre\/#breadcrumb"},"inLanguage":"fr-CA","potentialAction":[{"@type":"ReadAction","target":["https:\/\/lrbgchemicals.thedev.ca\/fr\/resines-en-poudre\/"]}]},{"@type":"BreadcrumbList","@id":"https:\/\/lrbgchemicals.thedev.ca\/fr\/resines-en-poudre\/#breadcrumb","itemListElement":[{"@type":"ListItem","position":1,"name":"Home","item":"https:\/\/lrbgchemicals.thedev.ca\/fr\/"},{"@type":"ListItem","position":2,"name":"R\u00e9sines en poudre"}]},{"@type":"WebSite","@id":"https:\/\/lrbgchemicals.thedev.ca\/#website","url":"https:\/\/lrbgchemicals.thedev.ca\/","name":"LRBG Chemicals (USA) Inc.","description":"","potentialAction":[{"@type":"SearchAction","target":{"@type":"EntryPoint","urlTemplate":"https:\/\/lrbgchemicals.thedev.ca\/?s={search_term_string}"},"query-input":"required name=search_term_string"}],"inLanguage":"fr-CA"}]}},"_links":{"self":[{"href":"https:\/\/lrbgchemicals.thedev.ca\/fr\/wp-json\/wp\/v2\/pages\/5806"}],"collection":[{"href":"https:\/\/lrbgchemicals.thedev.ca\/fr\/wp-json\/wp\/v2\/pages"}],"about":[{"href":"https:\/\/lrbgchemicals.thedev.ca\/fr\/wp-json\/wp\/v2\/types\/page"}],"author":[{"embeddable":true,"href":"https:\/\/lrbgchemicals.thedev.ca\/fr\/wp-json\/wp\/v2\/users\/2"}],"replies":[{"embeddable":true,"href":"https:\/\/lrbgchemicals.thedev.ca\/fr\/wp-json\/wp\/v2\/comments?post=5806"}],"version-history":[{"count":3,"href":"https:\/\/lrbgchemicals.thedev.ca\/fr\/wp-json\/wp\/v2\/pages\/5806\/revisions"}],"predecessor-version":[{"id":5942,"href":"https:\/\/lrbgchemicals.thedev.ca\/fr\/wp-json\/wp\/v2\/pages\/5806\/revisions\/5942"}],"wp:attachment":[{"href":"https:\/\/lrbgchemicals.thedev.ca\/fr\/wp-json\/wp\/v2\/media?parent=5806"}],"curies":[{"name":"wp","href":"https:\/\/api.w.org\/{rel}","templated":true}]}}