{"id":5811,"date":"2019-12-18T18:45:05","date_gmt":"2019-12-18T13:45:05","guid":{"rendered":"https:\/\/lrbgchemicals.com\/splicer-adhesives\/"},"modified":"2021-03-30T10:53:26","modified_gmt":"2021-03-30T15:53:26","slug":"adhesifs-pour-jointeuses","status":"publish","type":"page","link":"https:\/\/lrbgchemicals.thedev.ca\/fr\/adhesifs-pour-jointeuses\/","title":{"rendered":"Adh\u00e9sifs pour jointeuses"},"content":{"rendered":"<div class=\"wpb-content-wrapper\">[mk_page_section bg_image=&raquo;http:\/\/lrbgchemicals.thedev.ca\/wp-content\/uploads\/molecules-opt.jpg&raquo; bg_color=&raquo;#000000&Prime; bg_repeat=&raquo;no-repeat&raquo; bg_stretch=&raquo;true&raquo; video_opacity=&raquo;0&Prime; js_vertical_centered=&raquo;true&raquo; padding_top=&raquo;0&Prime; padding_bottom=&raquo;140&Prime; sidebar=&raquo;sidebar-1&Prime;][vc_column width=&raquo;5\/6&Prime;][mk_padding_divider size=&raquo;60&Prime; visibility=&raquo;visible-sm&raquo;][mk_padding_divider size=&raquo;130&Prime; visibility=&raquo;hidden-sm&raquo;][mk_custom_box padding_horizental=&raquo;30&Prime; margin_bottom=&raquo;0&Prime; bg_color=&raquo;rgba(0,0,0,0.66)&raquo;][mk_fancy_title tag_name=&raquo;h5&Prime; color=&raquo;#ffffff&raquo; size=&raquo;24&Prime; line_height=&raquo;90&Prime; font_weight=&raquo;400&Prime; txt_transform=&raquo;uppercase&raquo; margin_bottom=&raquo;0&Prime; font_family=&raquo;Montserrat&raquo; font_type=&raquo;google&raquo;]<span style=\"font-weight: 400;\">Pour le jointage de placages<\/span>[\/mk_fancy_title][mk_fancy_title color=&raquo;#ffffff&raquo; size=&raquo;56&Prime; force_font_size=&raquo;true&raquo; size_tablet=&raquo;45&Prime; size_phone=&raquo;32&Prime; line_height=&raquo;95&Prime; font_weight=&raquo;bold&raquo; txt_transform=&raquo;uppercase&raquo; margin_bottom=&raquo;0&Prime; font_family=&raquo;Montserrat&raquo; font_type=&raquo;google&raquo;]<span style=\"color: #00984d;\">Des adh\u00e9sifs pour jointeuses sans ruban<\/span>[\/mk_fancy_title][mk_fancy_title tag_name=&raquo;span&raquo; color=&raquo;#ffffff&raquo; size=&raquo;20&Prime; font_weight=&raquo;400&Prime; txt_transform=&raquo;none&raquo; margin_bottom=&raquo;0&Prime; font_family=&raquo;Montserrat&raquo; font_type=&raquo;google&raquo;]qui r\u00e9pondent \u00e0 un large \u00e9ventail de demandes[\/mk_fancy_title][mk_button dimension=&raquo;flat&raquo; size=&raquo;large&raquo; url=&raquo;\/fr\/nous-joindre\/&raquo; margin_top=&raquo;15&Prime; margin_bottom=&raquo;0&Prime; margin_right=&raquo;0&Prime; bg_color=&raquo;#00984d&raquo; btn_hover_bg=&raquo;#ffffff&raquo; btn_hover_txt_color=&raquo;#00984d&raquo;]Pour de plus amples renseignements[\/mk_button][\/mk_custom_box][mk_padding_divider size=&raquo;70&Prime;][\/vc_column][vc_column width=&raquo;1\/6&Prime;][\/vc_column][\/mk_page_section][mk_page_section bg_image=&raquo;http:\/\/lrbgchemicals.thedev.ca\/wp-content\/uploads\/bg-blue-formaldehyde-opt-resized2.jpg&raquo; bg_repeat=&raquo;no-repeat&raquo; bg_stretch=&raquo;true&raquo; enable_3d=&raquo;true&raquo; bg_gradient=&raquo;vertical&raquo; video_color_mask=&raquo;rgba(255,255,255,0)&raquo; gr_end=&raquo;#ffffff&raquo; video_opacity=&raquo;1&Prime; sidebar=&raquo;sidebar-1&Prime;][vc_column css=&raquo;.vc_custom_1576010790434{background-position: center !important;background-repeat: no-repeat !important;background-size: contain !important;}&raquo;][vc_row_inner][vc_column_inner width=&raquo;1\/3&Prime;][\/vc_column_inner][vc_column_inner width=&raquo;2\/3&Prime;][mk_padding_divider size=&raquo;120&Prime;][mk_fancy_title tag_name=&raquo;h1&Prime; color=&raquo;#0c4b90&Prime; size=&raquo;42&Prime; force_font_size=&raquo;true&raquo; size_tablet=&raquo;36&Prime; size_phone=&raquo;28&Prime; line_height=&raquo;95&Prime; font_weight=&raquo;bold&raquo; txt_transform=&raquo;none&raquo; margin_bottom=&raquo;0&Prime; font_family=&raquo;Montserrat&raquo; font_type=&raquo;google&raquo;]Adh\u00e9sifs pour jointeuses sans ruban[\/mk_fancy_title][vc_column_text disable_pattern=&raquo;false&raquo; css=&raquo;.vc_custom_1616806793349{margin-bottom: 0px !important;}&raquo;]Nos adh\u00e9sifs pour jointeuses r\u00e9pondent \u00e0 une vaste gamme de demandes en mati\u00e8re de jointage de placages. LRBG Chimie est le seul fabricant d\u2019adh\u00e9sifs en poudre qui permettent de contr\u00f4ler les composants interm\u00e9diaires lors de la fabrication. Ces adh\u00e9sifs sont l\u00e9g\u00e8rement pigment\u00e9s, et leur couleur peut \u00eatre facilement ajust\u00e9e \u00e0 la teinte souhait\u00e9e.<\/p>\n<p>Notre r\u00e9seau de distribution tr\u00e8s efficace r\u00e9pond \u00e0 toutes vos exigences.[\/vc_column_text][\/vc_column_inner][\/vc_row_inner][mk_padding_divider size=&raquo;120&Prime;][\/vc_column][\/mk_page_section][vc_row fullwidth=&raquo;true&raquo; fullwidth_content=&raquo;false&raquo; css=&raquo;.vc_custom_1576071688623{background-color: #00984d !important;}&raquo;][vc_column][mk_padding_divider size=&raquo;120&Prime;][vc_row_inner][vc_column_inner width=&raquo;1\/6&Prime;][\/vc_column_inner][vc_column_inner width=&raquo;2\/3&Prime;][mk_fancy_title color=&raquo;#ffffff&raquo; size=&raquo;42&Prime; force_font_size=&raquo;true&raquo; size_tablet=&raquo;36&Prime; size_phone=&raquo;28&Prime; line_height=&raquo;95&Prime; font_weight=&raquo;bold&raquo; txt_transform=&raquo;none&raquo; margin_bottom=&raquo;0&Prime; font_family=&raquo;Montserrat&raquo; font_type=&raquo;google&raquo; align=&raquo;center&raquo;]Adh\u00e9sifs pour jointeuses existants de LRBG Chimie[\/mk_fancy_title][\/vc_column_inner][vc_column_inner width=&raquo;1\/6&Prime;][\/vc_column_inner][\/vc_row_inner][vc_row_inner][vc_column_inner][mk_table style=&raquo;style2&Prime;]\n<table class=\"bjm-table\" width=\"100%\">\n<thead>\n<tr>\n<th>TYPE<\/th>\n<th>DESCRIPTION<\/th>\n<\/tr>\n<\/thead>\n<tbody>\n<tr>\n<td>S440<\/td>\n<td>Syst\u00e8me d&rsquo;adh\u00e9sif UF \u00e0 catalyse interne destin\u00e9 au jointage sans ruban des placages sur une grande vari\u00e9t\u00e9 de machines. Formul\u00e9 pour les applications o\u00f9 une vitesse de cuisson rapide est requise. Procure une dur\u00e9e de vie prolong\u00e9e apr\u00e8s l\u2019application.<\/td>\n<\/tr>\n<tr>\n<td>S313<\/td>\n<td>Adh\u00e9sif en poudre UF \u00e0 catalyse interne, enrichi de m\u00e9lamine, pour le jointage de placages sans ruban au moyen de jointeuses \u00e0 alimentation directe et crois\u00e9e.<\/td>\n<\/tr>\n<tr>\n<td>S315<\/td>\n<td>Adh\u00e9sif UF polyvalent \u00e0 catalyse interne con\u00e7u pour une grande vari\u00e9t\u00e9 de jointeuses sans ruban. Combin\u00e9 \u00e0 notre retardateur R12, cet adh\u00e9sif peut \u00eatre ajust\u00e9 pour coller pratiquement toutes les essences de bois sur des machines dont les temps de pressage varient de quelques secondes \u00e0 quelques minutes.<\/td>\n<\/tr>\n<\/tbody>\n<\/table>\n[\/mk_table][\/vc_column_inner][\/vc_row_inner][mk_padding_divider size=&raquo;120&Prime;][\/vc_column][\/vc_row][mk_page_section bg_color=&raquo;#0c4b90&Prime; min_height=&raquo;10&Prime; full_width=&raquo;true&raquo; padding_top=&raquo;0&Prime; padding_bottom=&raquo;0&Prime; sidebar=&raquo;sidebar-1&Prime;][vc_column][\/vc_column][\/mk_page_section][mk_page_section bg_image=&raquo;http:\/\/lrbgchemicals.thedev.ca\/wp-content\/uploads\/molecules-opt.jpg&raquo; bg_position=&raquo;center center&raquo; bg_repeat=&raquo;no-repeat&raquo; bg_stretch=&raquo;true&raquo; video_color_mask=&raquo;#0c4b90&Prime; video_opacity=&raquo;0.42&Prime; sidebar=&raquo;sidebar-1&Prime;][vc_column][mk_padding_divider size=&raquo;120&Prime;][vc_row_inner][vc_column_inner width=&raquo;3\/4&Prime;][mk_fancy_title color=&raquo;#ffffff&raquo; size=&raquo;42&Prime; force_font_size=&raquo;true&raquo; size_tablet=&raquo;36&Prime; size_phone=&raquo;28&Prime; line_height=&raquo;95&Prime; font_weight=&raquo;bold&raquo; txt_transform=&raquo;none&raquo; margin_bottom=&raquo;0&Prime; font_family=&raquo;Montserrat&raquo; font_type=&raquo;google&raquo;]Nous pouvons mettre au point des adh\u00e9sifs pour jointeuses en fonction de vos exigences pr\u00e9cises.[\/mk_fancy_title][\/vc_column_inner][vc_column_inner width=&raquo;1\/4&Prime;][mk_button dimension=&raquo;flat&raquo; size=&raquo;x-large&raquo; url=&raquo;\/fr\/nous-joindre\/&raquo; align=&raquo;right&raquo; bg_color=&raquo;#00984d&raquo; btn_hover_bg=&raquo;#ffffff&raquo; btn_hover_txt_color=&raquo;#00984d&raquo;]Contactez-nous pour discuter de vos besoins[\/mk_button][\/vc_column_inner][\/vc_row_inner][mk_padding_divider size=&raquo;120&Prime; visibility=&raquo;hidden-sm&raquo;][\/vc_column][\/mk_page_section]\n<\/div>","protected":false},"excerpt":{"rendered":"<p>[mk_page_section bg_image=&raquo;http:\/\/lrbgchemicals.thedev.ca\/wp-content\/uploads\/molecules-opt.jpg&raquo; bg_color=&raquo;#000000&Prime; bg_repeat=&raquo;no-repeat&raquo; bg_stretch=&raquo;true&raquo; video_opacity=&raquo;0&Prime; js_vertical_centered=&raquo;true&raquo; padding_top=&raquo;0&Prime; padding_bottom=&raquo;140&Prime; sidebar=&raquo;sidebar-1&Prime;][vc_column width=&raquo;5\/6&Prime;][mk_padding_divider size=&raquo;60&Prime; visibility=&raquo;visible-sm&raquo;][mk_padding_divider size=&raquo;130&Prime; visibility=&raquo;hidden-sm&raquo;][mk_custom_box padding_horizental=&raquo;30&Prime; margin_bottom=&raquo;0&Prime; bg_color=&raquo;rgba(0,0,0,0.66)&raquo;][mk_fancy_title tag_name=&raquo;h5&Prime; color=&raquo;#ffffff&raquo; size=&raquo;24&Prime; line_height=&raquo;90&Prime; font_weight=&raquo;400&Prime; txt_transform=&raquo;uppercase&raquo; margin_bottom=&raquo;0&Prime; font_family=&raquo;Montserrat&raquo; font_type=&raquo;google&raquo;]Pour le jointage de placages[\/mk_fancy_title][mk_fancy_title color=&raquo;#ffffff&raquo; size=&raquo;56&Prime; force_font_size=&raquo;true&raquo; size_tablet=&raquo;45&Prime; size_phone=&raquo;32&Prime; line_height=&raquo;95&Prime; font_weight=&raquo;bold&raquo; txt_transform=&raquo;uppercase&raquo; margin_bottom=&raquo;0&Prime; font_family=&raquo;Montserrat&raquo; font_type=&raquo;google&raquo;]Des adh\u00e9sifs pour jointeuses sans ruban[\/mk_fancy_title][mk_fancy_title tag_name=&raquo;span&raquo; color=&raquo;#ffffff&raquo; size=&raquo;20&Prime; font_weight=&raquo;400&Prime; txt_transform=&raquo;none&raquo; margin_bottom=&raquo;0&Prime; font_family=&raquo;Montserrat&raquo; font_type=&raquo;google&raquo;]qui [&hellip;]<\/p>\n","protected":false},"author":2,"featured_media":0,"parent":0,"menu_order":0,"comment_status":"closed","ping_status":"closed","template":"","meta":{"footnotes":""},"yoast_head":"<!-- This site is optimized with the Yoast SEO plugin v23.0 - https:\/\/yoast.com\/wordpress\/plugins\/seo\/ -->\n<title>Adh\u00e9sifs pour jointeuses \u2013 LRBG Chimie<\/title>\n<meta name=\"description\" content=\"LRBG Chimie est le seul producteur d&#039;adh\u00e9sifs en poudre \u00e0 pouvoir contr\u00f4ler les composants interm\u00e9diaires au niveau de la fabrication. Contactez-nous!\" \/>\n<meta name=\"robots\" content=\"noindex, follow, max-snippet:-1, max-image-preview:large, max-video-preview:-1\" \/>\n<meta property=\"og:locale\" content=\"fr_CA\" \/>\n<meta property=\"og:type\" content=\"article\" \/>\n<meta property=\"og:title\" content=\"Adh\u00e9sifs pour jointeuses \u2013 LRBG Chimie\" \/>\n<meta property=\"og:description\" content=\"LRBG Chimie est le seul producteur d&#039;adh\u00e9sifs en poudre \u00e0 pouvoir contr\u00f4ler les composants interm\u00e9diaires au niveau de la fabrication. Contactez-nous!\" \/>\n<meta property=\"og:url\" content=\"https:\/\/lrbgchemicals.thedev.ca\/fr\/adhesifs-pour-jointeuses\/\" \/>\n<meta property=\"og:site_name\" content=\"LRBG Chemicals (USA) Inc.\" \/>\n<meta property=\"article:modified_time\" content=\"2021-03-30T15:53:26+00:00\" \/>\n<meta name=\"twitter:card\" content=\"summary_large_image\" \/>\n<meta name=\"twitter:label1\" content=\"Estimation du temps de lecture\" \/>\n\t<meta name=\"twitter:data1\" content=\"2 minutes\" \/>\n<script type=\"application\/ld+json\" class=\"yoast-schema-graph\">{\"@context\":\"https:\/\/schema.org\",\"@graph\":[{\"@type\":\"WebPage\",\"@id\":\"https:\/\/lrbgchemicals.thedev.ca\/fr\/adhesifs-pour-jointeuses\/\",\"url\":\"https:\/\/lrbgchemicals.thedev.ca\/fr\/adhesifs-pour-jointeuses\/\",\"name\":\"Adh\u00e9sifs pour jointeuses \u2013 LRBG Chimie\",\"isPartOf\":{\"@id\":\"https:\/\/lrbgchemicals.thedev.ca\/#website\"},\"datePublished\":\"2019-12-18T13:45:05+00:00\",\"dateModified\":\"2021-03-30T15:53:26+00:00\",\"description\":\"LRBG Chimie est le seul producteur d'adh\u00e9sifs en poudre \u00e0 pouvoir contr\u00f4ler les composants interm\u00e9diaires au niveau de la fabrication. Contactez-nous!\",\"breadcrumb\":{\"@id\":\"https:\/\/lrbgchemicals.thedev.ca\/fr\/adhesifs-pour-jointeuses\/#breadcrumb\"},\"inLanguage\":\"fr-CA\",\"potentialAction\":[{\"@type\":\"ReadAction\",\"target\":[\"https:\/\/lrbgchemicals.thedev.ca\/fr\/adhesifs-pour-jointeuses\/\"]}]},{\"@type\":\"BreadcrumbList\",\"@id\":\"https:\/\/lrbgchemicals.thedev.ca\/fr\/adhesifs-pour-jointeuses\/#breadcrumb\",\"itemListElement\":[{\"@type\":\"ListItem\",\"position\":1,\"name\":\"Home\",\"item\":\"https:\/\/lrbgchemicals.thedev.ca\/fr\/\"},{\"@type\":\"ListItem\",\"position\":2,\"name\":\"Adh\u00e9sifs pour jointeuses\"}]},{\"@type\":\"WebSite\",\"@id\":\"https:\/\/lrbgchemicals.thedev.ca\/#website\",\"url\":\"https:\/\/lrbgchemicals.thedev.ca\/\",\"name\":\"LRBG Chemicals (USA) Inc.\",\"description\":\"\",\"potentialAction\":[{\"@type\":\"SearchAction\",\"target\":{\"@type\":\"EntryPoint\",\"urlTemplate\":\"https:\/\/lrbgchemicals.thedev.ca\/?s={search_term_string}\"},\"query-input\":\"required name=search_term_string\"}],\"inLanguage\":\"fr-CA\"}]}<\/script>\n<!-- \/ Yoast SEO plugin. -->","yoast_head_json":{"title":"Adh\u00e9sifs pour jointeuses \u2013 LRBG Chimie","description":"LRBG Chimie est le seul producteur d'adh\u00e9sifs en poudre \u00e0 pouvoir contr\u00f4ler les composants interm\u00e9diaires au niveau de la fabrication. Contactez-nous!","robots":{"index":"noindex","follow":"follow","max-snippet":"max-snippet:-1","max-image-preview":"max-image-preview:large","max-video-preview":"max-video-preview:-1"},"og_locale":"fr_CA","og_type":"article","og_title":"Adh\u00e9sifs pour jointeuses \u2013 LRBG Chimie","og_description":"LRBG Chimie est le seul producteur d'adh\u00e9sifs en poudre \u00e0 pouvoir contr\u00f4ler les composants interm\u00e9diaires au niveau de la fabrication. Contactez-nous!","og_url":"https:\/\/lrbgchemicals.thedev.ca\/fr\/adhesifs-pour-jointeuses\/","og_site_name":"LRBG Chemicals (USA) Inc.","article_modified_time":"2021-03-30T15:53:26+00:00","twitter_card":"summary_large_image","twitter_misc":{"Estimation du temps de lecture":"2 minutes"},"schema":{"@context":"https:\/\/schema.org","@graph":[{"@type":"WebPage","@id":"https:\/\/lrbgchemicals.thedev.ca\/fr\/adhesifs-pour-jointeuses\/","url":"https:\/\/lrbgchemicals.thedev.ca\/fr\/adhesifs-pour-jointeuses\/","name":"Adh\u00e9sifs pour jointeuses \u2013 LRBG Chimie","isPartOf":{"@id":"https:\/\/lrbgchemicals.thedev.ca\/#website"},"datePublished":"2019-12-18T13:45:05+00:00","dateModified":"2021-03-30T15:53:26+00:00","description":"LRBG Chimie est le seul producteur d'adh\u00e9sifs en poudre \u00e0 pouvoir contr\u00f4ler les composants interm\u00e9diaires au niveau de la fabrication. Contactez-nous!","breadcrumb":{"@id":"https:\/\/lrbgchemicals.thedev.ca\/fr\/adhesifs-pour-jointeuses\/#breadcrumb"},"inLanguage":"fr-CA","potentialAction":[{"@type":"ReadAction","target":["https:\/\/lrbgchemicals.thedev.ca\/fr\/adhesifs-pour-jointeuses\/"]}]},{"@type":"BreadcrumbList","@id":"https:\/\/lrbgchemicals.thedev.ca\/fr\/adhesifs-pour-jointeuses\/#breadcrumb","itemListElement":[{"@type":"ListItem","position":1,"name":"Home","item":"https:\/\/lrbgchemicals.thedev.ca\/fr\/"},{"@type":"ListItem","position":2,"name":"Adh\u00e9sifs pour jointeuses"}]},{"@type":"WebSite","@id":"https:\/\/lrbgchemicals.thedev.ca\/#website","url":"https:\/\/lrbgchemicals.thedev.ca\/","name":"LRBG Chemicals (USA) Inc.","description":"","potentialAction":[{"@type":"SearchAction","target":{"@type":"EntryPoint","urlTemplate":"https:\/\/lrbgchemicals.thedev.ca\/?s={search_term_string}"},"query-input":"required name=search_term_string"}],"inLanguage":"fr-CA"}]}},"_links":{"self":[{"href":"https:\/\/lrbgchemicals.thedev.ca\/fr\/wp-json\/wp\/v2\/pages\/5811"}],"collection":[{"href":"https:\/\/lrbgchemicals.thedev.ca\/fr\/wp-json\/wp\/v2\/pages"}],"about":[{"href":"https:\/\/lrbgchemicals.thedev.ca\/fr\/wp-json\/wp\/v2\/types\/page"}],"author":[{"embeddable":true,"href":"https:\/\/lrbgchemicals.thedev.ca\/fr\/wp-json\/wp\/v2\/users\/2"}],"replies":[{"embeddable":true,"href":"https:\/\/lrbgchemicals.thedev.ca\/fr\/wp-json\/wp\/v2\/comments?post=5811"}],"version-history":[{"count":3,"href":"https:\/\/lrbgchemicals.thedev.ca\/fr\/wp-json\/wp\/v2\/pages\/5811\/revisions"}],"predecessor-version":[{"id":5933,"href":"https:\/\/lrbgchemicals.thedev.ca\/fr\/wp-json\/wp\/v2\/pages\/5811\/revisions\/5933"}],"wp:attachment":[{"href":"https:\/\/lrbgchemicals.thedev.ca\/fr\/wp-json\/wp\/v2\/media?parent=5811"}],"curies":[{"name":"wp","href":"https:\/\/api.w.org\/{rel}","templated":true}]}}