{"id":5819,"date":"2020-01-28T18:07:44","date_gmt":"2020-01-28T13:07:44","guid":{"rendered":"https:\/\/lrbgchemicals.com\/about-us\/"},"modified":"2024-06-27T14:08:55","modified_gmt":"2024-06-27T19:08:55","slug":"a-propos","status":"publish","type":"page","link":"https:\/\/lrbgchemicals.thedev.ca\/fr\/a-propos\/","title":{"rendered":"\u00c0 propos de nous"},"content":{"rendered":"<div class=\"wpb-content-wrapper\">[mk_page_section bg_image=&raquo;http:\/\/lrbgchemicals.thedev.ca\/wp-content\/uploads\/molecules-opt.jpg&raquo; bg_color=&raquo;#000000&Prime; bg_position=&raquo;center center&raquo; bg_repeat=&raquo;no-repeat&raquo; bg_stretch=&raquo;true&raquo; video_color_mask=&raquo;#073170&Prime; video_opacity=&raquo;0.5&Prime; js_vertical_centered=&raquo;true&raquo; padding_top=&raquo;0&Prime; padding_bottom=&raquo;140&Prime; sidebar=&raquo;sidebar-1&Prime;][vc_column width=&raquo;3\/4&Prime;][mk_padding_divider size=&raquo;160&Prime; visibility=&raquo;hidden-sm&raquo;][mk_padding_divider size=&raquo;50&Prime;][mk_fancy_title tag_name=&raquo;h5&Prime; color=&raquo;#ffffff&raquo; size=&raquo;24&Prime; line_height=&raquo;99&Prime; font_weight=&raquo;400&Prime; txt_transform=&raquo;uppercase&raquo; margin_bottom=&raquo;0&Prime; font_family=&raquo;Montserrat&raquo; font_type=&raquo;google&raquo;]Nous mettons au point et fabriquons des r\u00e9sines<br \/>\nvisant \u00e0 r\u00e9soudre des probl\u00e8mes sp\u00e9cifiques[\/mk_fancy_title][mk_fancy_title tag_name=&raquo;span&raquo; color=&raquo;#ffffff&raquo; size=&raquo;52&Prime; force_font_size=&raquo;true&raquo; size_tablet=&raquo;42&Prime; size_phone=&raquo;30&Prime; line_height=&raquo;95&Prime; font_weight=&raquo;bold&raquo; txt_transform=&raquo;uppercase&raquo; margin_bottom=&raquo;0&Prime; font_family=&raquo;Montserrat&raquo; font_type=&raquo;google&raquo; drop_shadow=&raquo;true&raquo; shadow_angle=&raquo;0&Prime; shadow_distance=&raquo;0&Prime; shadow_color=&raquo;#00245e&raquo;]Nous sommes les experts en r\u00e9sines<br \/>\n<span style=\"color: #00984d;\">qui r\u00e9pondent \u00e0 tous vos besoins.<\/span>[\/mk_fancy_title][mk_fancy_title tag_name=&raquo;span&raquo; color=&raquo;#ffffff&raquo; size=&raquo;20&Prime; font_weight=&raquo;400&Prime; txt_transform=&raquo;none&raquo; margin_bottom=&raquo;0&Prime; font_family=&raquo;Montserrat&raquo; font_type=&raquo;google&raquo;]<span style=\"font-weight: 400;\">Ensemble, trouvons exactement ce qu\u2019il vous faut.<\/span>[\/mk_fancy_title][mk_button dimension=&raquo;flat&raquo; size=&raquo;large&raquo; url=&raquo;\/fr\/nous-joindre\/&raquo; margin_top=&raquo;15&Prime; animation=&raquo;fade-in&raquo; bg_color=&raquo;#00984d&raquo; btn_hover_bg=&raquo;#ffffff&raquo; btn_hover_txt_color=&raquo;#00984d&raquo;]Nous joindre[\/mk_button][\/vc_column][vc_column width=&raquo;1\/4&Prime;][\/vc_column][\/mk_page_section][mk_page_section bg_image=&raquo;http:\/\/lrbgchemicals.thedev.ca\/wp-content\/uploads\/bg-blue-formaldehyde-opt-resized2.jpg&raquo; bg_repeat=&raquo;no-repeat&raquo; bg_stretch=&raquo;true&raquo; enable_3d=&raquo;true&raquo; bg_gradient=&raquo;vertical&raquo; video_color_mask=&raquo;rgba(255,255,255,0)&raquo; gr_end=&raquo;#ffffff&raquo; video_opacity=&raquo;1&Prime; sidebar=&raquo;sidebar-1&Prime;][vc_column css=&raquo;.vc_custom_1576010790434{background-position: center !important;background-repeat: no-repeat !important;background-size: contain !important;}&raquo;][vc_row_inner][vc_column_inner width=&raquo;1\/3&Prime;][\/vc_column_inner][vc_column_inner width=&raquo;2\/3&Prime;][mk_padding_divider size=&raquo;120&Prime;][mk_fancy_title tag_name=&raquo;h1&Prime; color=&raquo;#0c4b90&Prime; size=&raquo;24&Prime; line_height=&raquo;99&Prime; font_weight=&raquo;400&Prime; txt_transform=&raquo;uppercase&raquo; margin_bottom=&raquo;0&Prime; font_family=&raquo;Montserrat&raquo; font_type=&raquo;google&raquo;]Consid\u00e9rez-nous comme les experts en r\u00e9sines de votre \u00e9quipe.[\/mk_fancy_title][mk_fancy_title color=&raquo;#00984d&raquo; size=&raquo;42&Prime; force_font_size=&raquo;true&raquo; size_tablet=&raquo;36&Prime; size_phone=&raquo;28&Prime; line_height=&raquo;99&Prime; font_weight=&raquo;bold&raquo; txt_transform=&raquo;none&raquo; margin_bottom=&raquo;0&Prime; font_family=&raquo;Montserrat&raquo; font_type=&raquo;google&raquo;]Vous achetez et utilisez des r\u00e9sines?[\/mk_fancy_title][mk_fancy_title color=&raquo;#00984d&raquo; size=&raquo;42&Prime; force_font_size=&raquo;true&raquo; size_tablet=&raquo;36&Prime; size_phone=&raquo;28&Prime; line_height=&raquo;99&Prime; font_weight=&raquo;bold&raquo; txt_transform=&raquo;none&raquo; margin_bottom=&raquo;0&Prime; font_family=&raquo;Montserrat&raquo; font_type=&raquo;google&raquo;]<small>Et si vous pouviez \u00e9galement r\u00e9duire le traitement, la dur\u00e9e du cycle et le gaspillage?<\/small>[\/mk_fancy_title][vc_column_text disable_pattern=&raquo;false&raquo; css=&raquo;.vc_custom_1719504556007{margin-bottom: 0px !important;}&raquo;]\u00c0 titre de <strong>seul fabricant en Am\u00e9rique du Nord de r\u00e9sines m\u00e9lamine-formald\u00e9hyde (MF), ur\u00e9e-formald\u00e9hyde (UF) et m\u00e9lamine-ur\u00e9e-formald\u00e9hyde (MUF) s\u00e9ch\u00e9es par pulv\u00e9risation<\/strong>, notre compagnie <strong>exp\u00e9die partout dans le monde des r\u00e9sines en poudre qui ont \u00e9t\u00e9 soumises \u00e0 un contr\u00f4le de la qualit\u00e9<\/strong>, par camion et en quantit\u00e9s inf\u00e9rieures \u00e0 un camion.[\/vc_column_text][mk_padding_divider size=&raquo;90&Prime;][\/vc_column_inner][\/vc_row_inner][mk_padding_divider size=&raquo;60&Prime;][vc_row_inner][vc_column_inner width=&raquo;7\/12&Prime;][mk_fancy_title color=&raquo;#00984d&raquo; size=&raquo;42&Prime; force_font_size=&raquo;true&raquo; size_tablet=&raquo;36&Prime; size_phone=&raquo;28&Prime; line_height=&raquo;95&Prime; font_weight=&raquo;bold&raquo; txt_transform=&raquo;none&raquo; margin_bottom=&raquo;0&Prime; font_family=&raquo;Montserrat&raquo; font_type=&raquo;google&raquo;]<span style=\"font-weight: 400;\">Quelles difficult\u00e9s avez-vous connues par le pass\u00e9?<\/span>[\/mk_fancy_title][mk_fancy_title color=&raquo;#0c4b90&Prime; size=&raquo;24&Prime; line_height=&raquo;99&Prime; font_weight=&raquo;400&Prime; txt_transform=&raquo;uppercase&raquo; margin_bottom=&raquo;0&Prime; font_family=&raquo;Montserrat&raquo; font_type=&raquo;google&raquo;]Que vous ayez besoin de r\u00e9sines standards ou mises au point express\u00e9ment pour vous, notre \u00e9quipe est toujours \u00e0 votre disposition pour convenir avec vous du bon produit.[\/mk_fancy_title][vc_column_text css=&raquo;.vc_custom_1616617548068{margin-bottom: 0px !important;}&raquo;]<strong>Discutons de la r\u00e9sistance \u00e0 l&rsquo;eau, des propri\u00e9t\u00e9s di\u00e9lectriques, des couleurs, des nuances, des quantit\u00e9s minimales de commande <\/strong> (vous pouvez acheter aussi peu que 5 livres) et des conseils de pro sur <strong>la fa\u00e7on d&rsquo;acc\u00e9l\u00e9rer ou de r\u00e9duire le temps de durcissement<\/strong>.[\/vc_column_text][mk_padding_divider size=&raquo;120&Prime; visibility=&raquo;hidden-sm&raquo;][\/vc_column_inner][vc_column_inner width=&raquo;5\/12&Prime;][vc_single_image image=&raquo;5006&Prime; img_size=&raquo;800&#215;600&Prime;][\/vc_column_inner][\/vc_row_inner][vc_row_inner][vc_column_inner][mk_fancy_title color=&raquo;#00984d&raquo; size=&raquo;42&Prime; force_font_size=&raquo;true&raquo; size_tablet=&raquo;36&Prime; size_phone=&raquo;28&Prime; line_height=&raquo;95&Prime; font_weight=&raquo;bold&raquo; txt_transform=&raquo;none&raquo; margin_bottom=&raquo;0&Prime; font_family=&raquo;Montserrat&raquo; font_type=&raquo;google&raquo;]Pourquoi nous choisir?[\/mk_fancy_title][mk_fancy_title color=&raquo;#0c4b90&Prime; size=&raquo;24&Prime; line_height=&raquo;99&Prime; font_weight=&raquo;400&Prime; txt_transform=&raquo;uppercase&raquo; margin_bottom=&raquo;0&Prime; font_family=&raquo;Montserrat&raquo; font_type=&raquo;google&raquo;]<span style=\"font-weight: 400;\">Nous avons les connaissances et l&rsquo;exp\u00e9rience dont vous avez besoin pour trouver des produits qui r\u00e9agiront comme vous le voulez.<\/span>[\/mk_fancy_title][vc_column_text css=&raquo;.vc_custom_1616617591918{margin-bottom: 0px !important;}&raquo;]<span style=\"font-weight: 400;\">Tous nos dirigeants poss\u00e8dent un minimum de 25\u00a0ans d&rsquo;exp\u00e9rience dans l\u2019industrie, ont une formation pratique et ont acquis des comp\u00e9tences au sein d\u2019entreprises telles que Borden Hexion et Johns Manville.<\/span><\/p>\n<p>Il est facile de travailler avec nous, et nous sommes rapides. De plus, quand vous nous t\u00e9l\u00e9phonez, une vraie personne est au bout du fil. [\/vc_column_text][mk_padding_divider size=&raquo;60&Prime; visibility=&raquo;hidden-sm&raquo;][\/vc_column_inner][\/vc_row_inner][mk_padding_divider size=&raquo;60&Prime;][\/vc_column][\/mk_page_section][vc_row fullwidth=&raquo;true&raquo; fullwidth_content=&raquo;false&raquo; css=&raquo;.vc_custom_1576005412346{background-color: #00984d !important;}&raquo;][vc_column css=&raquo;.vc_custom_1585930584219{margin-right: 30px !important;margin-left: 30px !important;}&raquo;][mk_padding_divider size=&raquo;60&Prime;][mk_fancy_title tag_name=&raquo;h5&Prime; color=&raquo;#ffffff&raquo; size=&raquo;24&Prime; line_height=&raquo;90&Prime; font_weight=&raquo;400&Prime; txt_transform=&raquo;uppercase&raquo; margin_bottom=&raquo;0&Prime; font_family=&raquo;Montserrat&raquo; font_type=&raquo;google&raquo; align=&raquo;center&raquo;]<span style=\"font-weight: 400;\">Mettez-nous \u00e0 l\u2019\u00e9preuve. <\/span>[\/mk_fancy_title][mk_fancy_title color=&raquo;#ffffff&raquo; size=&raquo;42&Prime; force_font_size=&raquo;true&raquo; size_tablet=&raquo;36&Prime; size_phone=&raquo;28&Prime; line_height=&raquo;95&Prime; font_weight=&raquo;bold&raquo; txt_transform=&raquo;none&raquo; margin_bottom=&raquo;0&Prime; font_family=&raquo;Montserrat&raquo; font_type=&raquo;google&raquo; align=&raquo;center&raquo;]<span style=\"font-weight: 400;\">Nous nous soucions de vos r\u00e9sines, avons les comp\u00e9tences n\u00e9cessaires pour fabriquer d\u2019excellents produits et aimons trouver le produit qui r\u00e9pond parfaitement \u00e0 vos besoins.<\/span>[\/mk_fancy_title][mk_button dimension=&raquo;flat&raquo; size=&raquo;large&raquo; url=&raquo;\/fr\/nous-joindre\/&raquo; align=&raquo;center&raquo; margin_top=&raquo;15&Prime; animation=&raquo;fade-in&raquo; bg_color=&raquo;#0c4b90&Prime; btn_hover_bg=&raquo;#ffffff&raquo; btn_hover_txt_color=&raquo;#000000&Prime;]Contactez notre \u00e9quipe[\/mk_button][mk_padding_divider size=&raquo;60&Prime;][\/vc_column][\/vc_row]\n<\/div>","protected":false},"excerpt":{"rendered":"<p>[mk_page_section bg_image=&raquo;http:\/\/lrbgchemicals.thedev.ca\/wp-content\/uploads\/molecules-opt.jpg&raquo; bg_color=&raquo;#000000&Prime; bg_position=&raquo;center center&raquo; bg_repeat=&raquo;no-repeat&raquo; bg_stretch=&raquo;true&raquo; video_color_mask=&raquo;#073170&Prime; video_opacity=&raquo;0.5&Prime; js_vertical_centered=&raquo;true&raquo; padding_top=&raquo;0&Prime; padding_bottom=&raquo;140&Prime; sidebar=&raquo;sidebar-1&Prime;][vc_column width=&raquo;3\/4&Prime;][mk_padding_divider size=&raquo;160&Prime; visibility=&raquo;hidden-sm&raquo;][mk_padding_divider size=&raquo;50&Prime;][mk_fancy_title tag_name=&raquo;h5&Prime; color=&raquo;#ffffff&raquo; size=&raquo;24&Prime; line_height=&raquo;99&Prime; font_weight=&raquo;400&Prime; txt_transform=&raquo;uppercase&raquo; margin_bottom=&raquo;0&Prime; font_family=&raquo;Montserrat&raquo; font_type=&raquo;google&raquo;]Nous mettons au point et fabriquons des r\u00e9sines visant \u00e0 r\u00e9soudre des probl\u00e8mes sp\u00e9cifiques[\/mk_fancy_title][mk_fancy_title tag_name=&raquo;span&raquo; color=&raquo;#ffffff&raquo; size=&raquo;52&Prime; force_font_size=&raquo;true&raquo; size_tablet=&raquo;42&Prime; size_phone=&raquo;30&Prime; line_height=&raquo;95&Prime; font_weight=&raquo;bold&raquo; txt_transform=&raquo;uppercase&raquo; margin_bottom=&raquo;0&Prime; font_family=&raquo;Montserrat&raquo; font_type=&raquo;google&raquo; drop_shadow=&raquo;true&raquo; shadow_angle=&raquo;0&Prime; shadow_distance=&raquo;0&Prime; shadow_color=&raquo;#00245e&raquo;]Nous [&hellip;]<\/p>\n","protected":false},"author":2,"featured_media":0,"parent":0,"menu_order":0,"comment_status":"closed","ping_status":"closed","template":"","meta":{"footnotes":""},"yoast_head":"<!-- This site is optimized with the Yoast SEO plugin v23.0 - https:\/\/yoast.com\/wordpress\/plugins\/seo\/ -->\n<title>Sp\u00e9cialistes nord-am\u00e9ricains des r\u00e9sines | LRBG Chimie<\/title>\n<meta name=\"description\" content=\"LRBG Chimie met au point et fabrique des r\u00e9sines \u00e0 l\u2019intention de clients du monde entier. Notre usine est situ\u00e9e \u00e0 Toledo aux \u00c9tats-Unis.\" \/>\n<meta name=\"robots\" content=\"noindex, follow, max-snippet:-1, max-image-preview:large, max-video-preview:-1\" \/>\n<meta property=\"og:locale\" content=\"fr_CA\" \/>\n<meta property=\"og:type\" content=\"article\" \/>\n<meta property=\"og:title\" content=\"Sp\u00e9cialistes nord-am\u00e9ricains des r\u00e9sines | LRBG Chimie\" \/>\n<meta property=\"og:description\" content=\"LRBG Chimie met au point et fabrique des r\u00e9sines \u00e0 l\u2019intention de clients du monde entier. Notre usine est situ\u00e9e \u00e0 Toledo aux \u00c9tats-Unis.\" \/>\n<meta property=\"og:url\" content=\"https:\/\/lrbgchemicals.thedev.ca\/fr\/a-propos\/\" \/>\n<meta property=\"og:site_name\" content=\"LRBG Chemicals (USA) Inc.\" \/>\n<meta property=\"article:modified_time\" content=\"2024-06-27T19:08:55+00:00\" \/>\n<meta name=\"twitter:card\" content=\"summary_large_image\" \/>\n<meta name=\"twitter:label1\" content=\"Estimation du temps de lecture\" \/>\n\t<meta name=\"twitter:data1\" content=\"3 minutes\" \/>\n<script type=\"application\/ld+json\" class=\"yoast-schema-graph\">{\"@context\":\"https:\/\/schema.org\",\"@graph\":[{\"@type\":\"WebPage\",\"@id\":\"https:\/\/lrbgchemicals.thedev.ca\/fr\/a-propos\/\",\"url\":\"https:\/\/lrbgchemicals.thedev.ca\/fr\/a-propos\/\",\"name\":\"Sp\u00e9cialistes nord-am\u00e9ricains des r\u00e9sines | LRBG Chimie\",\"isPartOf\":{\"@id\":\"https:\/\/lrbgchemicals.thedev.ca\/#website\"},\"datePublished\":\"2020-01-28T13:07:44+00:00\",\"dateModified\":\"2024-06-27T19:08:55+00:00\",\"description\":\"LRBG Chimie met au point et fabrique des r\u00e9sines \u00e0 l\u2019intention de clients du monde entier. Notre usine est situ\u00e9e \u00e0 Toledo aux \u00c9tats-Unis.\",\"breadcrumb\":{\"@id\":\"https:\/\/lrbgchemicals.thedev.ca\/fr\/a-propos\/#breadcrumb\"},\"inLanguage\":\"fr-CA\",\"potentialAction\":[{\"@type\":\"ReadAction\",\"target\":[\"https:\/\/lrbgchemicals.thedev.ca\/fr\/a-propos\/\"]}]},{\"@type\":\"BreadcrumbList\",\"@id\":\"https:\/\/lrbgchemicals.thedev.ca\/fr\/a-propos\/#breadcrumb\",\"itemListElement\":[{\"@type\":\"ListItem\",\"position\":1,\"name\":\"Home\",\"item\":\"https:\/\/lrbgchemicals.thedev.ca\/fr\/\"},{\"@type\":\"ListItem\",\"position\":2,\"name\":\"\u00c0 propos de nous\"}]},{\"@type\":\"WebSite\",\"@id\":\"https:\/\/lrbgchemicals.thedev.ca\/#website\",\"url\":\"https:\/\/lrbgchemicals.thedev.ca\/\",\"name\":\"LRBG Chemicals (USA) Inc.\",\"description\":\"\",\"potentialAction\":[{\"@type\":\"SearchAction\",\"target\":{\"@type\":\"EntryPoint\",\"urlTemplate\":\"https:\/\/lrbgchemicals.thedev.ca\/?s={search_term_string}\"},\"query-input\":\"required name=search_term_string\"}],\"inLanguage\":\"fr-CA\"}]}<\/script>\n<!-- \/ Yoast SEO plugin. -->","yoast_head_json":{"title":"Sp\u00e9cialistes nord-am\u00e9ricains des r\u00e9sines | LRBG Chimie","description":"LRBG Chimie met au point et fabrique des r\u00e9sines \u00e0 l\u2019intention de clients du monde entier. Notre usine est situ\u00e9e \u00e0 Toledo aux \u00c9tats-Unis.","robots":{"index":"noindex","follow":"follow","max-snippet":"max-snippet:-1","max-image-preview":"max-image-preview:large","max-video-preview":"max-video-preview:-1"},"og_locale":"fr_CA","og_type":"article","og_title":"Sp\u00e9cialistes nord-am\u00e9ricains des r\u00e9sines | LRBG Chimie","og_description":"LRBG Chimie met au point et fabrique des r\u00e9sines \u00e0 l\u2019intention de clients du monde entier. Notre usine est situ\u00e9e \u00e0 Toledo aux \u00c9tats-Unis.","og_url":"https:\/\/lrbgchemicals.thedev.ca\/fr\/a-propos\/","og_site_name":"LRBG Chemicals (USA) Inc.","article_modified_time":"2024-06-27T19:08:55+00:00","twitter_card":"summary_large_image","twitter_misc":{"Estimation du temps de lecture":"3 minutes"},"schema":{"@context":"https:\/\/schema.org","@graph":[{"@type":"WebPage","@id":"https:\/\/lrbgchemicals.thedev.ca\/fr\/a-propos\/","url":"https:\/\/lrbgchemicals.thedev.ca\/fr\/a-propos\/","name":"Sp\u00e9cialistes nord-am\u00e9ricains des r\u00e9sines | LRBG Chimie","isPartOf":{"@id":"https:\/\/lrbgchemicals.thedev.ca\/#website"},"datePublished":"2020-01-28T13:07:44+00:00","dateModified":"2024-06-27T19:08:55+00:00","description":"LRBG Chimie met au point et fabrique des r\u00e9sines \u00e0 l\u2019intention de clients du monde entier. Notre usine est situ\u00e9e \u00e0 Toledo aux \u00c9tats-Unis.","breadcrumb":{"@id":"https:\/\/lrbgchemicals.thedev.ca\/fr\/a-propos\/#breadcrumb"},"inLanguage":"fr-CA","potentialAction":[{"@type":"ReadAction","target":["https:\/\/lrbgchemicals.thedev.ca\/fr\/a-propos\/"]}]},{"@type":"BreadcrumbList","@id":"https:\/\/lrbgchemicals.thedev.ca\/fr\/a-propos\/#breadcrumb","itemListElement":[{"@type":"ListItem","position":1,"name":"Home","item":"https:\/\/lrbgchemicals.thedev.ca\/fr\/"},{"@type":"ListItem","position":2,"name":"\u00c0 propos de nous"}]},{"@type":"WebSite","@id":"https:\/\/lrbgchemicals.thedev.ca\/#website","url":"https:\/\/lrbgchemicals.thedev.ca\/","name":"LRBG Chemicals (USA) Inc.","description":"","potentialAction":[{"@type":"SearchAction","target":{"@type":"EntryPoint","urlTemplate":"https:\/\/lrbgchemicals.thedev.ca\/?s={search_term_string}"},"query-input":"required name=search_term_string"}],"inLanguage":"fr-CA"}]}},"_links":{"self":[{"href":"https:\/\/lrbgchemicals.thedev.ca\/fr\/wp-json\/wp\/v2\/pages\/5819"}],"collection":[{"href":"https:\/\/lrbgchemicals.thedev.ca\/fr\/wp-json\/wp\/v2\/pages"}],"about":[{"href":"https:\/\/lrbgchemicals.thedev.ca\/fr\/wp-json\/wp\/v2\/types\/page"}],"author":[{"embeddable":true,"href":"https:\/\/lrbgchemicals.thedev.ca\/fr\/wp-json\/wp\/v2\/users\/2"}],"replies":[{"embeddable":true,"href":"https:\/\/lrbgchemicals.thedev.ca\/fr\/wp-json\/wp\/v2\/comments?post=5819"}],"version-history":[{"count":3,"href":"https:\/\/lrbgchemicals.thedev.ca\/fr\/wp-json\/wp\/v2\/pages\/5819\/revisions"}],"predecessor-version":[{"id":6360,"href":"https:\/\/lrbgchemicals.thedev.ca\/fr\/wp-json\/wp\/v2\/pages\/5819\/revisions\/6360"}],"wp:attachment":[{"href":"https:\/\/lrbgchemicals.thedev.ca\/fr\/wp-json\/wp\/v2\/media?parent=5819"}],"curies":[{"name":"wp","href":"https:\/\/api.w.org\/{rel}","templated":true}]}}